{"id":68,"date":"2015-07-07T11:59:52","date_gmt":"2015-07-07T09:59:52","guid":{"rendered":"http:\/\/wp1159170.server-he.de\/_gst4\/wordpress\/?page_id=68"},"modified":"2020-10-17T16:12:07","modified_gmt":"2020-10-17T14:12:07","slug":"contatti","status":"publish","type":"page","link":"https:\/\/sprachteam.com\/it\/contatti\/","title":{"rendered":"Contatti"},"content":{"rendered":"<div class='content-column one_third'><div style=\"padding-top:0px;padding-right:10px;\"><h3>Ufficio centrale &#8211; Berlino<\/h3>\n<p>GlobalSprachTeam<br \/>\nSassenberg e.K.<br \/>\nKronenstr. 69<br \/>\n10117 Berlino<\/p>\n<p>T +49 (0) 30 22 60 56 76<br \/>\nF +49 (0) 30 20 67 47 52<\/p>\n<p><a href=\"mailto:service@sprachteam.com\">service@sprachteam.com<\/a><\/div><\/div><div class='content-column two_third last_column'><div style=\"padding-left:10px;\"><div class=\"leaflet-map WPLeafletMap\" style=\"height:300px; width:100%;\"><\/div><script>\nwindow.WPLeafletMapPlugin = window.WPLeafletMapPlugin || [];\nwindow.WPLeafletMapPlugin.push(function WPLeafletMapShortcode() {\/*<script>*\/\nvar baseUrl = atob('aHR0cHM6Ly90aWxlLm9wZW5zdHJlZXRtYXAub3JnL3t6fS97eH0ve3l9LnBuZw==');\nvar base = (!baseUrl && window.MQ) ?\n    window.MQ.mapLayer() : L.tileLayer(baseUrl,\n        L.Util.extend({}, {\n            detectRetina: 0,\n        },\n        {\"subdomains\":\"abc\",\"noWrap\":false,\"maxZoom\":18}        )\n    );\n    var options = L.Util.extend({}, {\n        layers: [base],\n        attributionControl: false\n    },\n    {\"zoomControl\":true,\"scrollWheelZoom\":false,\"doubleClickZoom\":false,\"fitBounds\":false,\"minZoom\":0,\"maxZoom\":18,\"maxBounds\":null,\"attribution\":\"<a href=\\\"http:\\\/\\\/leafletjs.com\\\" title=\\\"A JS library for interactive maps\\\">Leaflet<\\\/a>; \\u00a9 <a href=\\\"http:\\\/\\\/www.openstreetmap.org\\\/copyright\\\">OpenStreetMap<\\\/a> contributors\"},\n    {});\nwindow.WPLeafletMapPlugin.createMap(options).setView([52.511288009482,13.388316035271],14);});<\/script><br \/>\n<script>\nwindow.WPLeafletMapPlugin = window.WPLeafletMapPlugin || [];\nwindow.WPLeafletMapPlugin.push(function WPLeafletMarkerShortcode() {\/*<script>*\/\nvar map = window.WPLeafletMapPlugin.getCurrentMap();\nvar group = window.WPLeafletMapPlugin.getCurrentGroup();\nvar marker_options = window.WPLeafletMapPlugin.getIconOptions({});\nvar marker = L.marker(\n    [52.511288009482,13.388316035271],\n    marker_options\n);\nvar is_image = map.is_image_map;\nif (marker_options.draggable) {\n    marker.on('dragend', function () {\n        var latlng = this.getLatLng();\n        var lat = latlng.lat;\n        var lng = latlng.lng;\n        if (is_image) {\n            console.log('leaflet-marker y=' + lat + ' x=' + lng);\n        } else {\n            console.log('leaflet-marker lat=' + lat + ' lng=' + lng);\n        }\n    });\n}\nmarker.addTo( group );\nwindow.WPLeafletMapPlugin.markers.push( marker );\n        });<\/script><\/div><\/div><div class='clear_column'><\/div><div class='content-column one_third'><div style=\"padding-top:0px;padding-right:10px;\"><h3>Ufficio Potsdam<\/h3>\n<p><div class=\"leaflet-map WPLeafletMap\" style=\"height:200px; width:100%;\"><\/div><script>\nwindow.WPLeafletMapPlugin = window.WPLeafletMapPlugin || [];\nwindow.WPLeafletMapPlugin.push(function WPLeafletMapShortcode() {\/*<script>*\/\nvar baseUrl = atob('aHR0cHM6Ly90aWxlLm9wZW5zdHJlZXRtYXAub3JnL3t6fS97eH0ve3l9LnBuZw==');\nvar base = (!baseUrl && window.MQ) ?\n    window.MQ.mapLayer() : L.tileLayer(baseUrl,\n        L.Util.extend({}, {\n            detectRetina: 0,\n        },\n        {\"subdomains\":\"abc\",\"noWrap\":false,\"maxZoom\":18}        )\n    );\n    var options = L.Util.extend({}, {\n        layers: [base],\n        attributionControl: false\n    },\n    {\"zoomControl\":true,\"scrollWheelZoom\":false,\"doubleClickZoom\":false,\"fitBounds\":false,\"minZoom\":0,\"maxZoom\":18,\"maxBounds\":null,\"attribution\":\"<a href=\\\"http:\\\/\\\/leafletjs.com\\\" title=\\\"A JS library for interactive maps\\\">Leaflet<\\\/a>; \\u00a9 <a href=\\\"http:\\\/\\\/www.openstreetmap.org\\\/copyright\\\">OpenStreetMap<\\\/a> contributors\"},\n    {});\nwindow.WPLeafletMapPlugin.createMap(options).setView([52.3929143,13.0118561],12);});<\/script><script>\nwindow.WPLeafletMapPlugin = window.WPLeafletMapPlugin || [];\nwindow.WPLeafletMapPlugin.push(function WPLeafletMarkerShortcode() {\/*<script>*\/\nvar map = window.WPLeafletMapPlugin.getCurrentMap();\nvar group = window.WPLeafletMapPlugin.getCurrentGroup();\nvar marker_options = window.WPLeafletMapPlugin.getIconOptions({});\nvar marker = L.marker(\n    [52.3929143,13.0118561],\n    marker_options\n);\nvar is_image = map.is_image_map;\nif (marker_options.draggable) {\n    marker.on('dragend', function () {\n        var latlng = this.getLatLng();\n        var lat = latlng.lat;\n        var lng = latlng.lng;\n        if (is_image) {\n            console.log('leaflet-marker y=' + lat + ' x=' + lng);\n        } else {\n            console.log('leaflet-marker lat=' + lat + ' lng=' + lng);\n        }\n    });\n}\nmarker.addTo( group );\nwindow.WPLeafletMapPlugin.markers.push( marker );\n        });<\/script><br \/>\nGlobalSprachTeam Potsdam<br \/>\nIm B\u00fcropark ComCity<br \/>\nBehlertstr. 3a<br \/>\n14467 Potsdam<br \/>\nGermania<\/p>\n<p>T +49 (0) 331 23 52 100<br \/>\nF +49 (0) 331 23 52 222<\/p>\n<p>potsdam@sprachteam.com\/it<br \/><\/div><\/div><div class='content-column one_third'><div style=\"padding-top:0px;padding-right:10px;padding-left:10px;\"><h3>Ufficio Italia<\/h3>\n<p><div class=\"leaflet-map WPLeafletMap\" style=\"height:200px; width:100%;\"><\/div><script>\nwindow.WPLeafletMapPlugin = window.WPLeafletMapPlugin || [];\nwindow.WPLeafletMapPlugin.push(function WPLeafletMapShortcode() {\/*<script>*\/\nvar baseUrl = atob('aHR0cHM6Ly90aWxlLm9wZW5zdHJlZXRtYXAub3JnL3t6fS97eH0ve3l9LnBuZw==');\nvar base = (!baseUrl && window.MQ) ?\n    window.MQ.mapLayer() : L.tileLayer(baseUrl,\n        L.Util.extend({}, {\n            detectRetina: 0,\n        },\n        {\"subdomains\":\"abc\",\"noWrap\":false,\"maxZoom\":18}        )\n    );\n    var options = L.Util.extend({}, {\n        layers: [base],\n        attributionControl: false\n    },\n    {\"zoomControl\":true,\"scrollWheelZoom\":false,\"doubleClickZoom\":false,\"fitBounds\":false,\"minZoom\":0,\"maxZoom\":18,\"maxBounds\":null,\"attribution\":\"<a href=\\\"http:\\\/\\\/leafletjs.com\\\" title=\\\"A JS library for interactive maps\\\">Leaflet<\\\/a>; \\u00a9 <a href=\\\"http:\\\/\\\/www.openstreetmap.org\\\/copyright\\\">OpenStreetMap<\\\/a> contributors\"},\n    {});\nwindow.WPLeafletMapPlugin.createMap(options).setView([45.8808,8.5405],12);});<\/script><script>\nwindow.WPLeafletMapPlugin = window.WPLeafletMapPlugin || [];\nwindow.WPLeafletMapPlugin.push(function WPLeafletMarkerShortcode() {\/*<script>*\/\nvar map = window.WPLeafletMapPlugin.getCurrentMap();\nvar group = window.WPLeafletMapPlugin.getCurrentGroup();\nvar marker_options = window.WPLeafletMapPlugin.getIconOptions({});\nvar marker = L.marker(\n    [45.8808,8.5405],\n    marker_options\n);\nvar is_image = map.is_image_map;\nif (marker_options.draggable) {\n    marker.on('dragend', function () {\n        var latlng = this.getLatLng();\n        var lat = latlng.lat;\n        var lng = latlng.lng;\n        if (is_image) {\n            console.log('leaflet-marker y=' + lat + ' x=' + lng);\n        } else {\n            console.log('leaflet-marker lat=' + lat + ' lng=' + lng);\n        }\n    });\n}\nmarker.addTo( group );\nwindow.WPLeafletMapPlugin.markers.push( marker );\n        });<\/script><br \/>\nGlobalSprachTeam Lago Maggiore<br \/>\nVia Manzoni 15a<br \/>\n28838 Stresa (VB)<br \/>\nItalia<\/p>\n<p>T +39 (0) 323 934741<br \/>\nF +39 (0) 323 934741<\/p>\n<p>stresa@sprachteam.com\/it<br \/><\/div><\/div><div class='content-column one_third last_column'><div style=\"padding-top:0px;padding-left:10px;\"><h3>Ufficio Svizzera<\/h3>\n<p><div class=\"leaflet-map WPLeafletMap\" style=\"height:200px; width:100%;\"><\/div><script>\nwindow.WPLeafletMapPlugin = window.WPLeafletMapPlugin || [];\nwindow.WPLeafletMapPlugin.push(function WPLeafletMapShortcode() {\/*<script>*\/\nvar baseUrl = atob('aHR0cHM6Ly90aWxlLm9wZW5zdHJlZXRtYXAub3JnL3t6fS97eH0ve3l9LnBuZw==');\nvar base = (!baseUrl && window.MQ) ?\n    window.MQ.mapLayer() : L.tileLayer(baseUrl,\n        L.Util.extend({}, {\n            detectRetina: 0,\n        },\n        {\"subdomains\":\"abc\",\"noWrap\":false,\"maxZoom\":18}        )\n    );\n    var options = L.Util.extend({}, {\n        layers: [base],\n        attributionControl: false\n    },\n    {\"zoomControl\":true,\"scrollWheelZoom\":false,\"doubleClickZoom\":false,\"fitBounds\":false,\"minZoom\":0,\"maxZoom\":18,\"maxBounds\":null,\"attribution\":\"<a href=\\\"http:\\\/\\\/leafletjs.com\\\" title=\\\"A JS library for interactive maps\\\">Leaflet<\\\/a>; \\u00a9 <a href=\\\"http:\\\/\\\/www.openstreetmap.org\\\/copyright\\\">OpenStreetMap<\\\/a> contributors\"},\n    {});\nwindow.WPLeafletMapPlugin.createMap(options).setView([47.3600263,8.5491676],12);});<\/script><script>\nwindow.WPLeafletMapPlugin = window.WPLeafletMapPlugin || [];\nwindow.WPLeafletMapPlugin.push(function WPLeafletMarkerShortcode() {\/*<script>*\/\nvar map = window.WPLeafletMapPlugin.getCurrentMap();\nvar group = window.WPLeafletMapPlugin.getCurrentGroup();\nvar marker_options = window.WPLeafletMapPlugin.getIconOptions({});\nvar marker = L.marker(\n    [47.3600263,8.5491676],\n    marker_options\n);\nvar is_image = map.is_image_map;\nif (marker_options.draggable) {\n    marker.on('dragend', function () {\n        var latlng = this.getLatLng();\n        var lat = latlng.lat;\n        var lng = latlng.lng;\n        if (is_image) {\n            console.log('leaflet-marker y=' + lat + ' x=' + lng);\n        } else {\n            console.log('leaflet-marker lat=' + lat + ' lng=' + lng);\n        }\n    });\n}\nmarker.addTo( group );\nwindow.WPLeafletMapPlugin.markers.push( marker );\n        });<\/script><br \/>\nGlobalSprachTeam Z\u00fcrich<br \/>\nBellerivestrasse 11<br \/>\n8008 Zurigo<br \/>\nSvizzera<\/p>\n<p>T +41 (0) 43 544 45 66<br \/>\nF +41 (0) 43 544 44 99<\/p>\n<p>zuerich@sprachteam.com\/it<br \/><\/div><\/div><div class='clear_column'><\/div><\/p>\n","protected":false},"excerpt":{"rendered":"","protected":false},"author":1,"featured_media":239,"parent":0,"menu_order":0,"comment_status":"closed","ping_status":"open","template":"","meta":{"generate_page_header":"","footnotes":""},"class_list":["post-68","page","type-page","status-publish","has-post-thumbnail"],"yoast_head":"<!-- This site is optimized with the Yoast SEO plugin v27.1.1 - https:\/\/yoast.com\/product\/yoast-seo-wordpress\/ -->\n<title>Contatti - GlobalSprachTeam<\/title>\n<meta name=\"description\" content=\"Globalsprachteam Patent\u00fcbersetzung Englisch Konferenz Dolmetschen technische \u00dcbersetzung Berlin Z\u00fcrich Franz\u00f6sisch Japanisch Chinesisch Korrektur\" \/>\n<meta name=\"robots\" content=\"index, follow, max-snippet:-1, max-image-preview:large, max-video-preview:-1\" \/>\n<link rel=\"canonical\" href=\"https:\/\/sprachteam.com\/it\/contatti\/\" \/>\n<meta property=\"og:locale\" content=\"it_IT\" \/>\n<meta property=\"og:type\" content=\"article\" \/>\n<meta property=\"og:title\" content=\"Contatti - GlobalSprachTeam\" \/>\n<meta property=\"og:description\" content=\"Globalsprachteam Patent\u00fcbersetzung Englisch Konferenz Dolmetschen technische \u00dcbersetzung Berlin Z\u00fcrich Franz\u00f6sisch Japanisch Chinesisch Korrektur\" \/>\n<meta property=\"og:url\" content=\"https:\/\/sprachteam.com\/it\/contatti\/\" \/>\n<meta property=\"og:site_name\" content=\"GlobalSprachTeam\" \/>\n<meta property=\"article:modified_time\" content=\"2020-10-17T14:12:07+00:00\" \/>\n<meta property=\"og:image\" content=\"https:\/\/sprachteam.com\/it\/wp-content\/uploads\/sites\/6\/globe.jpg\" \/>\n\t<meta property=\"og:image:width\" content=\"1600\" \/>\n\t<meta property=\"og:image:height\" content=\"1052\" \/>\n\t<meta property=\"og:image:type\" content=\"image\/jpeg\" \/>\n<meta name=\"twitter:card\" content=\"summary_large_image\" \/>\n<meta name=\"twitter:label1\" content=\"Tempo di lettura stimato\" \/>\n\t<meta name=\"twitter:data1\" content=\"1 minuto\" \/>\n<script type=\"application\/ld+json\" class=\"yoast-schema-graph\">{\"@context\":\"https:\/\/schema.org\",\"@graph\":[{\"@type\":\"WebPage\",\"@id\":\"https:\/\/sprachteam.com\/it\/contatti\/\",\"url\":\"https:\/\/sprachteam.com\/it\/contatti\/\",\"name\":\"Contatti - GlobalSprachTeam\",\"isPartOf\":{\"@id\":\"https:\/\/sprachteam.com\/it\/#website\"},\"primaryImageOfPage\":{\"@id\":\"https:\/\/sprachteam.com\/it\/contatti\/#primaryimage\"},\"image\":{\"@id\":\"https:\/\/sprachteam.com\/it\/contatti\/#primaryimage\"},\"thumbnailUrl\":\"https:\/\/sprachteam.com\/it\/wp-content\/uploads\/sites\/6\/globe.jpg\",\"datePublished\":\"2015-07-07T09:59:52+00:00\",\"dateModified\":\"2020-10-17T14:12:07+00:00\",\"description\":\"Globalsprachteam Patent\u00fcbersetzung Englisch Konferenz Dolmetschen technische \u00dcbersetzung Berlin Z\u00fcrich Franz\u00f6sisch Japanisch Chinesisch Korrektur\",\"breadcrumb\":{\"@id\":\"https:\/\/sprachteam.com\/it\/contatti\/#breadcrumb\"},\"inLanguage\":\"it-IT\",\"potentialAction\":[{\"@type\":\"ReadAction\",\"target\":[\"https:\/\/sprachteam.com\/it\/contatti\/\"]}]},{\"@type\":\"ImageObject\",\"inLanguage\":\"it-IT\",\"@id\":\"https:\/\/sprachteam.com\/it\/contatti\/#primaryimage\",\"url\":\"https:\/\/sprachteam.com\/it\/wp-content\/uploads\/sites\/6\/globe.jpg\",\"contentUrl\":\"https:\/\/sprachteam.com\/it\/wp-content\/uploads\/sites\/6\/globe.jpg\",\"width\":1600,\"height\":1052},{\"@type\":\"BreadcrumbList\",\"@id\":\"https:\/\/sprachteam.com\/it\/contatti\/#breadcrumb\",\"itemListElement\":[{\"@type\":\"ListItem\",\"position\":1,\"name\":\"Home\",\"item\":\"https:\/\/sprachteam.com\/it\/\"},{\"@type\":\"ListItem\",\"position\":2,\"name\":\"Contatti\"}]},{\"@type\":\"WebSite\",\"@id\":\"https:\/\/sprachteam.com\/it\/#website\",\"url\":\"https:\/\/sprachteam.com\/it\/\",\"name\":\"GlobalSprachTeam\",\"description\":\"\",\"publisher\":{\"@id\":\"https:\/\/sprachteam.com\/it\/#organization\"},\"potentialAction\":[{\"@type\":\"SearchAction\",\"target\":{\"@type\":\"EntryPoint\",\"urlTemplate\":\"https:\/\/sprachteam.com\/it\/?s={search_term_string}\"},\"query-input\":{\"@type\":\"PropertyValueSpecification\",\"valueRequired\":true,\"valueName\":\"search_term_string\"}}],\"inLanguage\":\"it-IT\"},{\"@type\":\"Organization\",\"@id\":\"https:\/\/sprachteam.com\/it\/#organization\",\"name\":\"GlobalSprachTeam\",\"url\":\"https:\/\/sprachteam.com\/it\/\",\"logo\":{\"@type\":\"ImageObject\",\"inLanguage\":\"it-IT\",\"@id\":\"https:\/\/sprachteam.com\/it\/#\/schema\/logo\/image\/\",\"url\":\"https:\/\/sprachteam.com\/it\/wp-content\/uploads\/sites\/6\/Logo02.png\",\"contentUrl\":\"https:\/\/sprachteam.com\/it\/wp-content\/uploads\/sites\/6\/Logo02.png\",\"width\":161,\"height\":136,\"caption\":\"GlobalSprachTeam\"},\"image\":{\"@id\":\"https:\/\/sprachteam.com\/it\/#\/schema\/logo\/image\/\"}}]}<\/script>\n<!-- \/ Yoast SEO plugin. -->","yoast_head_json":{"title":"Contatti - GlobalSprachTeam","description":"Globalsprachteam Patent\u00fcbersetzung Englisch Konferenz Dolmetschen technische \u00dcbersetzung Berlin Z\u00fcrich Franz\u00f6sisch Japanisch Chinesisch Korrektur","robots":{"index":"index","follow":"follow","max-snippet":"max-snippet:-1","max-image-preview":"max-image-preview:large","max-video-preview":"max-video-preview:-1"},"canonical":"https:\/\/sprachteam.com\/it\/contatti\/","og_locale":"it_IT","og_type":"article","og_title":"Contatti - GlobalSprachTeam","og_description":"Globalsprachteam Patent\u00fcbersetzung Englisch Konferenz Dolmetschen technische \u00dcbersetzung Berlin Z\u00fcrich Franz\u00f6sisch Japanisch Chinesisch Korrektur","og_url":"https:\/\/sprachteam.com\/it\/contatti\/","og_site_name":"GlobalSprachTeam","article_modified_time":"2020-10-17T14:12:07+00:00","og_image":[{"width":1600,"height":1052,"url":"https:\/\/sprachteam.com\/it\/wp-content\/uploads\/sites\/6\/globe.jpg","type":"image\/jpeg"}],"twitter_card":"summary_large_image","twitter_misc":{"Tempo di lettura stimato":"1 minuto"},"schema":{"@context":"https:\/\/schema.org","@graph":[{"@type":"WebPage","@id":"https:\/\/sprachteam.com\/it\/contatti\/","url":"https:\/\/sprachteam.com\/it\/contatti\/","name":"Contatti - GlobalSprachTeam","isPartOf":{"@id":"https:\/\/sprachteam.com\/it\/#website"},"primaryImageOfPage":{"@id":"https:\/\/sprachteam.com\/it\/contatti\/#primaryimage"},"image":{"@id":"https:\/\/sprachteam.com\/it\/contatti\/#primaryimage"},"thumbnailUrl":"https:\/\/sprachteam.com\/it\/wp-content\/uploads\/sites\/6\/globe.jpg","datePublished":"2015-07-07T09:59:52+00:00","dateModified":"2020-10-17T14:12:07+00:00","description":"Globalsprachteam Patent\u00fcbersetzung Englisch Konferenz Dolmetschen technische \u00dcbersetzung Berlin Z\u00fcrich Franz\u00f6sisch Japanisch Chinesisch Korrektur","breadcrumb":{"@id":"https:\/\/sprachteam.com\/it\/contatti\/#breadcrumb"},"inLanguage":"it-IT","potentialAction":[{"@type":"ReadAction","target":["https:\/\/sprachteam.com\/it\/contatti\/"]}]},{"@type":"ImageObject","inLanguage":"it-IT","@id":"https:\/\/sprachteam.com\/it\/contatti\/#primaryimage","url":"https:\/\/sprachteam.com\/it\/wp-content\/uploads\/sites\/6\/globe.jpg","contentUrl":"https:\/\/sprachteam.com\/it\/wp-content\/uploads\/sites\/6\/globe.jpg","width":1600,"height":1052},{"@type":"BreadcrumbList","@id":"https:\/\/sprachteam.com\/it\/contatti\/#breadcrumb","itemListElement":[{"@type":"ListItem","position":1,"name":"Home","item":"https:\/\/sprachteam.com\/it\/"},{"@type":"ListItem","position":2,"name":"Contatti"}]},{"@type":"WebSite","@id":"https:\/\/sprachteam.com\/it\/#website","url":"https:\/\/sprachteam.com\/it\/","name":"GlobalSprachTeam","description":"","publisher":{"@id":"https:\/\/sprachteam.com\/it\/#organization"},"potentialAction":[{"@type":"SearchAction","target":{"@type":"EntryPoint","urlTemplate":"https:\/\/sprachteam.com\/it\/?s={search_term_string}"},"query-input":{"@type":"PropertyValueSpecification","valueRequired":true,"valueName":"search_term_string"}}],"inLanguage":"it-IT"},{"@type":"Organization","@id":"https:\/\/sprachteam.com\/it\/#organization","name":"GlobalSprachTeam","url":"https:\/\/sprachteam.com\/it\/","logo":{"@type":"ImageObject","inLanguage":"it-IT","@id":"https:\/\/sprachteam.com\/it\/#\/schema\/logo\/image\/","url":"https:\/\/sprachteam.com\/it\/wp-content\/uploads\/sites\/6\/Logo02.png","contentUrl":"https:\/\/sprachteam.com\/it\/wp-content\/uploads\/sites\/6\/Logo02.png","width":161,"height":136,"caption":"GlobalSprachTeam"},"image":{"@id":"https:\/\/sprachteam.com\/it\/#\/schema\/logo\/image\/"}}]}},"_links":{"self":[{"href":"https:\/\/sprachteam.com\/it\/wp-json\/wp\/v2\/pages\/68","targetHints":{"allow":["GET"]}}],"collection":[{"href":"https:\/\/sprachteam.com\/it\/wp-json\/wp\/v2\/pages"}],"about":[{"href":"https:\/\/sprachteam.com\/it\/wp-json\/wp\/v2\/types\/page"}],"author":[{"embeddable":true,"href":"https:\/\/sprachteam.com\/it\/wp-json\/wp\/v2\/users\/1"}],"replies":[{"embeddable":true,"href":"https:\/\/sprachteam.com\/it\/wp-json\/wp\/v2\/comments?post=68"}],"version-history":[{"count":61,"href":"https:\/\/sprachteam.com\/it\/wp-json\/wp\/v2\/pages\/68\/revisions"}],"predecessor-version":[{"id":442,"href":"https:\/\/sprachteam.com\/it\/wp-json\/wp\/v2\/pages\/68\/revisions\/442"}],"wp:featuredmedia":[{"embeddable":true,"href":"https:\/\/sprachteam.com\/it\/wp-json\/wp\/v2\/media\/239"}],"wp:attachment":[{"href":"https:\/\/sprachteam.com\/it\/wp-json\/wp\/v2\/media?parent=68"}],"curies":[{"name":"wp","href":"https:\/\/api.w.org\/{rel}","templated":true}]}}