{"id":35,"date":"2015-07-06T21:09:09","date_gmt":"2015-07-06T19:09:09","guid":{"rendered":"http:\/\/wp1159170.server-he.de\/_gst4\/wordpress\/?page_id=35"},"modified":"2015-10-17T17:14:53","modified_gmt":"2015-10-17T15:14:53","slug":"interpretariato-di-conferenza","status":"publish","type":"page","link":"https:\/\/sprachteam.com\/it\/interpretariato-di-conferenza\/","title":{"rendered":"Interpretariato di conferenza <br \/>in ambito economico, scientifico, tecnico, medico"},"content":{"rendered":"<blockquote><p>Gli interpreti di GlobalSprachTeam sono dei veri esperti nell\u2019ampia gamma delle tecniche di interpretariato, che vedono in primo luogo la suprema disciplina della traduzione simultanea o interpretariato di conferenza.<\/p><\/blockquote>\n<p>Per un\u2019ottimale assistenza linguistica durante il vostro evento avete bisogno di:<\/p>\n<ul>\n<li>Una squadra di interpreti affiatati e con esperienza (minimo due interpreti per combinazione linguistica)<\/li>\n<li>Strumentazione tecnica di interpretazione (attrezzatura di conferenza o per visite guidate, microfoni, ricevitori, cuffie) e impianto di amplificazione della sala.<\/li>\n<\/ul>\n<p>Di cosa abbiamo bisogno noi:<\/p>\n<ul>\n<li>Programma<\/li>\n<li>Materiale di preparazione (discorsi, presentazioni, parole di benvenuto, comunicati stampa, informazioni tecniche di base)<\/li>\n<li>Informazioni riguardanti la strumentazione tecnica prevista (da fornire o presente in loco)<\/li>\n<\/ul>\n<p>Una maggiore preparazione degli interpreti potr\u00e0 garantire una migliore riuscita del Vostro evento.<\/p>\n<p>Ci occupiamo della formazione di una squadra di interpreti e forniamo la strumentazione tecnica necessaria. Contattateci, saremo lieti di fornirvi una consulenza.<\/p>\n<p>Gli interpreti di conferenza sono pagati su una base tariffaria relativa a mezza giornata o a un\u2019intera giornata, e offrono servizi di interpretariato in inglese, francese, spagnolo, russo, arabo, giapponese, cinese, coreano, vietnamita, turco, polacco, ungherese, ceco.<\/p>\n<p>Richiedeteci inoltre servizi di interpretariato giurato, in chuchotage, interpretazione consecutiva, di trattativa, interpreti giurati con nomina pubblica e tecnica relais.<\/p>\n","protected":false},"excerpt":{"rendered":"<p>Gli interpreti di GlobalSprachTeam sono dei veri esperti nell\u2019ampia gamma delle tecniche di interpretariato, che vedono in primo luogo la suprema disciplina della traduzione simultanea o interpretariato di conferenza. Per un\u2019ottimale assistenza linguistica durante il vostro evento avete bisogno di: Una squadra di interpreti affiatati e con esperienza (minimo due interpreti per combinazione linguistica) Strumentazione &#8230; <a title=\"Interpretariato di conferenza in ambito economico, scientifico, tecnico, medico\" class=\"read-more\" href=\"https:\/\/sprachteam.com\/it\/interpretariato-di-conferenza\/\" aria-label=\"Per saperne di pi\u00f9 su Interpretariato di conferenza in ambito economico, scientifico, tecnico, medico\">Read more<\/a><\/p>\n","protected":false},"author":1,"featured_media":67,"parent":0,"menu_order":0,"comment_status":"closed","ping_status":"open","template":"","meta":{"generate_page_header":"","footnotes":""},"class_list":["post-35","page","type-page","status-publish","has-post-thumbnail"],"yoast_head":"<!-- This site is optimized with the Yoast SEO plugin v27.1.1 - https:\/\/yoast.com\/product\/yoast-seo-wordpress\/ -->\n<title>Konferenzdolmetschen f\u00fcr Wirtschaft, Wissenschaft, Technik<\/title>\n<meta name=\"description\" content=\"Globalsprachteam Patent\u00fcbersetzung Englisch Konferenz Dolmetschen technische \u00dcbersetzung Berlin Z\u00fcrich Franz\u00f6sisch Japanisch Chinesisch Korrektur Technik Medizin\" \/>\n<meta name=\"robots\" content=\"index, follow, max-snippet:-1, max-image-preview:large, max-video-preview:-1\" \/>\n<link rel=\"canonical\" href=\"https:\/\/sprachteam.com\/it\/interpretariato-di-conferenza\/\" \/>\n<meta property=\"og:locale\" content=\"it_IT\" \/>\n<meta property=\"og:type\" content=\"article\" \/>\n<meta property=\"og:title\" content=\"Konferenzdolmetschen f\u00fcr Wirtschaft, Wissenschaft, Technik\" \/>\n<meta property=\"og:description\" content=\"Globalsprachteam Patent\u00fcbersetzung Englisch Konferenz Dolmetschen technische \u00dcbersetzung Berlin Z\u00fcrich Franz\u00f6sisch Japanisch Chinesisch Korrektur Technik Medizin\" \/>\n<meta property=\"og:url\" content=\"https:\/\/sprachteam.com\/it\/interpretariato-di-conferenza\/\" \/>\n<meta property=\"og:site_name\" content=\"GlobalSprachTeam\" \/>\n<meta property=\"article:modified_time\" content=\"2015-10-17T15:14:53+00:00\" \/>\n<meta property=\"og:image\" content=\"https:\/\/sprachteam.com\/it\/wp-content\/uploads\/sites\/6\/lichter-gray.jpg\" \/>\n\t<meta property=\"og:image:width\" content=\"1600\" \/>\n\t<meta property=\"og:image:height\" content=\"2133\" \/>\n\t<meta property=\"og:image:type\" content=\"image\/jpeg\" \/>\n<meta name=\"twitter:card\" content=\"summary_large_image\" \/>\n<meta name=\"twitter:label1\" content=\"Tempo di lettura stimato\" \/>\n\t<meta name=\"twitter:data1\" content=\"1 minuto\" \/>\n<script type=\"application\/ld+json\" class=\"yoast-schema-graph\">{\"@context\":\"https:\/\/schema.org\",\"@graph\":[{\"@type\":\"WebPage\",\"@id\":\"https:\/\/sprachteam.com\/it\/interpretariato-di-conferenza\/\",\"url\":\"https:\/\/sprachteam.com\/it\/interpretariato-di-conferenza\/\",\"name\":\"Konferenzdolmetschen f\u00fcr Wirtschaft, Wissenschaft, Technik\",\"isPartOf\":{\"@id\":\"https:\/\/sprachteam.com\/it\/#website\"},\"primaryImageOfPage\":{\"@id\":\"https:\/\/sprachteam.com\/it\/interpretariato-di-conferenza\/#primaryimage\"},\"image\":{\"@id\":\"https:\/\/sprachteam.com\/it\/interpretariato-di-conferenza\/#primaryimage\"},\"thumbnailUrl\":\"https:\/\/sprachteam.com\/it\/wp-content\/uploads\/sites\/6\/lichter-gray.jpg\",\"datePublished\":\"2015-07-06T19:09:09+00:00\",\"dateModified\":\"2015-10-17T15:14:53+00:00\",\"description\":\"Globalsprachteam Patent\u00fcbersetzung Englisch Konferenz Dolmetschen technische \u00dcbersetzung Berlin Z\u00fcrich Franz\u00f6sisch Japanisch Chinesisch Korrektur Technik Medizin\",\"breadcrumb\":{\"@id\":\"https:\/\/sprachteam.com\/it\/interpretariato-di-conferenza\/#breadcrumb\"},\"inLanguage\":\"it-IT\",\"potentialAction\":[{\"@type\":\"ReadAction\",\"target\":[\"https:\/\/sprachteam.com\/it\/interpretariato-di-conferenza\/\"]}]},{\"@type\":\"ImageObject\",\"inLanguage\":\"it-IT\",\"@id\":\"https:\/\/sprachteam.com\/it\/interpretariato-di-conferenza\/#primaryimage\",\"url\":\"https:\/\/sprachteam.com\/it\/wp-content\/uploads\/sites\/6\/lichter-gray.jpg\",\"contentUrl\":\"https:\/\/sprachteam.com\/it\/wp-content\/uploads\/sites\/6\/lichter-gray.jpg\",\"width\":1600,\"height\":2133},{\"@type\":\"BreadcrumbList\",\"@id\":\"https:\/\/sprachteam.com\/it\/interpretariato-di-conferenza\/#breadcrumb\",\"itemListElement\":[{\"@type\":\"ListItem\",\"position\":1,\"name\":\"Home\",\"item\":\"https:\/\/sprachteam.com\/it\/\"},{\"@type\":\"ListItem\",\"position\":2,\"name\":\"Interpretariato di conferenza in ambito economico, scientifico, tecnico, medico\"}]},{\"@type\":\"WebSite\",\"@id\":\"https:\/\/sprachteam.com\/it\/#website\",\"url\":\"https:\/\/sprachteam.com\/it\/\",\"name\":\"GlobalSprachTeam\",\"description\":\"\",\"publisher\":{\"@id\":\"https:\/\/sprachteam.com\/it\/#organization\"},\"potentialAction\":[{\"@type\":\"SearchAction\",\"target\":{\"@type\":\"EntryPoint\",\"urlTemplate\":\"https:\/\/sprachteam.com\/it\/?s={search_term_string}\"},\"query-input\":{\"@type\":\"PropertyValueSpecification\",\"valueRequired\":true,\"valueName\":\"search_term_string\"}}],\"inLanguage\":\"it-IT\"},{\"@type\":\"Organization\",\"@id\":\"https:\/\/sprachteam.com\/it\/#organization\",\"name\":\"GlobalSprachTeam\",\"url\":\"https:\/\/sprachteam.com\/it\/\",\"logo\":{\"@type\":\"ImageObject\",\"inLanguage\":\"it-IT\",\"@id\":\"https:\/\/sprachteam.com\/it\/#\/schema\/logo\/image\/\",\"url\":\"https:\/\/sprachteam.com\/it\/wp-content\/uploads\/sites\/6\/Logo02.png\",\"contentUrl\":\"https:\/\/sprachteam.com\/it\/wp-content\/uploads\/sites\/6\/Logo02.png\",\"width\":161,\"height\":136,\"caption\":\"GlobalSprachTeam\"},\"image\":{\"@id\":\"https:\/\/sprachteam.com\/it\/#\/schema\/logo\/image\/\"}}]}<\/script>\n<!-- \/ Yoast SEO plugin. -->","yoast_head_json":{"title":"Konferenzdolmetschen f\u00fcr Wirtschaft, Wissenschaft, Technik","description":"Globalsprachteam Patent\u00fcbersetzung Englisch Konferenz Dolmetschen technische \u00dcbersetzung Berlin Z\u00fcrich Franz\u00f6sisch Japanisch Chinesisch Korrektur Technik Medizin","robots":{"index":"index","follow":"follow","max-snippet":"max-snippet:-1","max-image-preview":"max-image-preview:large","max-video-preview":"max-video-preview:-1"},"canonical":"https:\/\/sprachteam.com\/it\/interpretariato-di-conferenza\/","og_locale":"it_IT","og_type":"article","og_title":"Konferenzdolmetschen f\u00fcr Wirtschaft, Wissenschaft, Technik","og_description":"Globalsprachteam Patent\u00fcbersetzung Englisch Konferenz Dolmetschen technische \u00dcbersetzung Berlin Z\u00fcrich Franz\u00f6sisch Japanisch Chinesisch Korrektur Technik Medizin","og_url":"https:\/\/sprachteam.com\/it\/interpretariato-di-conferenza\/","og_site_name":"GlobalSprachTeam","article_modified_time":"2015-10-17T15:14:53+00:00","og_image":[{"width":1600,"height":2133,"url":"https:\/\/sprachteam.com\/it\/wp-content\/uploads\/sites\/6\/lichter-gray.jpg","type":"image\/jpeg"}],"twitter_card":"summary_large_image","twitter_misc":{"Tempo di lettura stimato":"1 minuto"},"schema":{"@context":"https:\/\/schema.org","@graph":[{"@type":"WebPage","@id":"https:\/\/sprachteam.com\/it\/interpretariato-di-conferenza\/","url":"https:\/\/sprachteam.com\/it\/interpretariato-di-conferenza\/","name":"Konferenzdolmetschen f\u00fcr Wirtschaft, Wissenschaft, Technik","isPartOf":{"@id":"https:\/\/sprachteam.com\/it\/#website"},"primaryImageOfPage":{"@id":"https:\/\/sprachteam.com\/it\/interpretariato-di-conferenza\/#primaryimage"},"image":{"@id":"https:\/\/sprachteam.com\/it\/interpretariato-di-conferenza\/#primaryimage"},"thumbnailUrl":"https:\/\/sprachteam.com\/it\/wp-content\/uploads\/sites\/6\/lichter-gray.jpg","datePublished":"2015-07-06T19:09:09+00:00","dateModified":"2015-10-17T15:14:53+00:00","description":"Globalsprachteam Patent\u00fcbersetzung Englisch Konferenz Dolmetschen technische \u00dcbersetzung Berlin Z\u00fcrich Franz\u00f6sisch Japanisch Chinesisch Korrektur Technik Medizin","breadcrumb":{"@id":"https:\/\/sprachteam.com\/it\/interpretariato-di-conferenza\/#breadcrumb"},"inLanguage":"it-IT","potentialAction":[{"@type":"ReadAction","target":["https:\/\/sprachteam.com\/it\/interpretariato-di-conferenza\/"]}]},{"@type":"ImageObject","inLanguage":"it-IT","@id":"https:\/\/sprachteam.com\/it\/interpretariato-di-conferenza\/#primaryimage","url":"https:\/\/sprachteam.com\/it\/wp-content\/uploads\/sites\/6\/lichter-gray.jpg","contentUrl":"https:\/\/sprachteam.com\/it\/wp-content\/uploads\/sites\/6\/lichter-gray.jpg","width":1600,"height":2133},{"@type":"BreadcrumbList","@id":"https:\/\/sprachteam.com\/it\/interpretariato-di-conferenza\/#breadcrumb","itemListElement":[{"@type":"ListItem","position":1,"name":"Home","item":"https:\/\/sprachteam.com\/it\/"},{"@type":"ListItem","position":2,"name":"Interpretariato di conferenza in ambito economico, scientifico, tecnico, medico"}]},{"@type":"WebSite","@id":"https:\/\/sprachteam.com\/it\/#website","url":"https:\/\/sprachteam.com\/it\/","name":"GlobalSprachTeam","description":"","publisher":{"@id":"https:\/\/sprachteam.com\/it\/#organization"},"potentialAction":[{"@type":"SearchAction","target":{"@type":"EntryPoint","urlTemplate":"https:\/\/sprachteam.com\/it\/?s={search_term_string}"},"query-input":{"@type":"PropertyValueSpecification","valueRequired":true,"valueName":"search_term_string"}}],"inLanguage":"it-IT"},{"@type":"Organization","@id":"https:\/\/sprachteam.com\/it\/#organization","name":"GlobalSprachTeam","url":"https:\/\/sprachteam.com\/it\/","logo":{"@type":"ImageObject","inLanguage":"it-IT","@id":"https:\/\/sprachteam.com\/it\/#\/schema\/logo\/image\/","url":"https:\/\/sprachteam.com\/it\/wp-content\/uploads\/sites\/6\/Logo02.png","contentUrl":"https:\/\/sprachteam.com\/it\/wp-content\/uploads\/sites\/6\/Logo02.png","width":161,"height":136,"caption":"GlobalSprachTeam"},"image":{"@id":"https:\/\/sprachteam.com\/it\/#\/schema\/logo\/image\/"}}]}},"_links":{"self":[{"href":"https:\/\/sprachteam.com\/it\/wp-json\/wp\/v2\/pages\/35","targetHints":{"allow":["GET"]}}],"collection":[{"href":"https:\/\/sprachteam.com\/it\/wp-json\/wp\/v2\/pages"}],"about":[{"href":"https:\/\/sprachteam.com\/it\/wp-json\/wp\/v2\/types\/page"}],"author":[{"embeddable":true,"href":"https:\/\/sprachteam.com\/it\/wp-json\/wp\/v2\/users\/1"}],"replies":[{"embeddable":true,"href":"https:\/\/sprachteam.com\/it\/wp-json\/wp\/v2\/comments?post=35"}],"version-history":[{"count":15,"href":"https:\/\/sprachteam.com\/it\/wp-json\/wp\/v2\/pages\/35\/revisions"}],"predecessor-version":[{"id":394,"href":"https:\/\/sprachteam.com\/it\/wp-json\/wp\/v2\/pages\/35\/revisions\/394"}],"wp:featuredmedia":[{"embeddable":true,"href":"https:\/\/sprachteam.com\/it\/wp-json\/wp\/v2\/media\/67"}],"wp:attachment":[{"href":"https:\/\/sprachteam.com\/it\/wp-json\/wp\/v2\/media?parent=35"}],"curies":[{"name":"wp","href":"https:\/\/api.w.org\/{rel}","templated":true}]}}