{"id":2,"date":"2015-06-26T10:57:18","date_gmt":"2015-06-26T08:57:18","guid":{"rendered":"http:\/\/wp1159170.server-he.de\/_gst4\/wordpress\/?page_id=2"},"modified":"2015-10-19T16:23:18","modified_gmt":"2015-10-19T14:23:18","slug":"traduzioni-tecniche","status":"publish","type":"page","link":"https:\/\/sprachteam.com\/it\/traduzioni-tecniche\/","title":{"rendered":"Traduzioni tecniche <br \/>da professionisti a professionisti"},"content":{"rendered":"<blockquote><p>I nostri traduttori lavorano in oltre 200 combinazioni linguistiche.<\/p><\/blockquote>\n<p>La qualit\u00e0 di ogni traduzione \u00e8 garantita dal rispetto delle norme DIN EN 15038 e ISO 17100.<\/p>\n<p>Le traduzioni tecniche in lingua tedesca, inglese, francese, italiana, spagnola, russa, ucraina e polacca vengono inoltre controllate internamente.<\/p>\n<p>Cerchiamo per Voi e per il Vostro progetto il giusto traduttore, prepariamo il Vostro documento e consegniamo le traduzioni puntualmente, anche quando si tratta di traduzioni urgenti.<\/p>\n<p>Richiedeteci un preventivo: veloce, semplice, gratuito.<\/p>\n<p>Tra le lingue pi\u00f9 richieste rientrano l\u2019inglese, francese, italiano, spagnolo, russo, giapponese, coreano, cinese, arabo, olandese, danese, svedese, norvegese, finlandese, ungherese e ceco in combinazione con la lingua tedesca o inglese.<div id=\"accordion-1\" class=\"accordion no-js\">\n\t\t\t\t\t<h3 role=\"button\" id=\"accordion-1-t1\" class=\"accordion-title js-accordion-controller\" aria-controls=\"accordion-1-c1\" aria-expanded=\"false\" tabindex=\"0\">\n\t\t\t\tTecnologia\t\t\t<\/h3>\n\t\t\n\t\t<div id=\"accordion-1-c1\" class=\"accordion-content\" aria-hidden=\"true\">\n\t\t\tI nostri traduttori specializzati sono madrelingua con solide conoscenze nel relativo ambito di specializzazione, acquisite durante anni di studio e di esperienza lavorativa. Possiedono un\u2019ottima padronanza del linguaggio e della terminologia tecnica, e si avvalgono di moderni sistemi di traduzione e di banche terminologiche.<\/p>\n<p>Una buona traduzione tecnica specializzata richiede la collaborazione con il cliente: richieste di chiarimenti, spiegazioni, cos\u00ec come la messa a disposizione di basi terminologiche da parte del cliente, sono aspetti indispensabili per giungere insieme a una soluzione di successo.<\/p>\n<p>GlobalSprachTeam si \u00e8 specializzata nelle seguenti aree di competenza: ingegneria, tecnologia ferroviaria, tecnologia medica, economia delle acque, chimica, tecnologie per eventi e molte altre.<span style=\"line-height: 1.5;\">\t\t<\/div>\n\n\t\t\n\t\t\t\t\t<h3 role=\"button\" id=\"accordion-1-t2\" class=\"accordion-title js-accordion-controller\" aria-controls=\"accordion-1-c2\" aria-expanded=\"false\" tabindex=\"0\">\n\t\t\t\tBrevetti\t\t\t<\/h3>\n\t\t\n\t\t<div id=\"accordion-1-c2\" class=\"accordion-content\" aria-hidden=\"true\">\n\t\t\t<\/span>Con oltre 15.000 brevetti tradotti, la traduzione brevettuale rientra tra le principali competenze di GlobalSprachTeam.<\/p>\n<p>I nostri traduttori specializzati sono esperti della struttura e delle peculiarit\u00e0 linguistiche tipiche dei brevetti. Regolari aggiornamenti del personale interno, cos\u00ec come un\u2019intensa comunicazione tra i traduttori, i lettori e gli agenti brevettuali, garantiscono una formulazione uniforme e un&#8217;accurata scelta terminologica per ogni progetto. I nostri traduttori sono pronti a mettere a disposizione le loro conoscenze tecniche anche in caso di controversie brevettuali.<\/p>\n<p>Traduciamo per dipartimenti e agenti brevettuali nelle citt\u00e0 di Berlino, Amburgo, Monaco, Mannheim, Brema, Norimberga, Berna e Zurigo.<\/p>\n<p>Offriamo servizi di traduzione di brevetti relativi a diversi ambiti quali ingegneria meccanica, tecnologia dei veicoli, chimica, tecnologia medica, microelettronica ecc. in lingua inglese, italiana, spagnola, lingue dell\u2019Europa dell\u2019est e del nord. Negli ultimi anni \u00e8 aumentata la richiesta di lingue quali giapponese, cinese, coreano.\t\t<\/div>\n\n\t\t\n\t\t\t\t\t<h3 role=\"button\" id=\"accordion-1-t3\" class=\"accordion-title js-accordion-controller\" aria-controls=\"accordion-1-c3\" aria-expanded=\"false\" tabindex=\"0\">\n\t\t\t\tScienza | Istruzione\t\t\t<\/h3>\n\t\t\n\t\t<div id=\"accordion-1-c3\" class=\"accordion-content\" aria-hidden=\"true\">\n\t\t\tI nostri traduttori scientifici traducono nella loro lingua madre, possiedono un forte background accademico e grande familiarit\u00e0 sia con l&#8217;ambito scientifico di competenza, sia con la lingua e lo stile di pubblicazioni scientifiche.<\/p>\n<p>Traduciamo studi, articoli, relazioni di ricerca, proposte di ricerca, pareri, bandi di concorso, documenti per candidature e molto altro.<\/p>\n<p>Tra i nostri mandatari annoveriamo universit\u00e0, scuole, uffici federali, istituti di ricerca, ministeri e scienziati.<\/p>\n<p>Dopo 20 anni di esperienza nel campo e migliaia di traduzioni relative all&#8217;ambito dell&#8217;istruzione e della formazione professionale, possiamo parlare davvero di una storia di successo.<\/p>\n<p>Queste traduzioni sono il nostro contributo a una mobilit\u00e0 in Europa senza frontiere.\t\t<\/div>\n\n\t\t\n\t\t\t\t\t<h3 role=\"button\" id=\"accordion-1-t4\" class=\"accordion-title js-accordion-controller\" aria-controls=\"accordion-1-c4\" aria-expanded=\"false\" tabindex=\"0\">\n\t\t\t\tEconomia | Diritto\t\t\t<\/h3>\n\t\t\n\t\t<div id=\"accordion-1-c4\" class=\"accordion-content\" aria-hidden=\"true\">\n\t\t\tOltre alla traduzione di testi relativi al campo brevettuale e tecnologico, rientra tra le nostre competenze anche la traduzione dell\u2019intera gamma di documenti legati ai settori di economia e commercio: contratti, estratti dai registri delle imprese, bilanci, certificati, testi di legge, sentenze, perizie, attestati. Inoltre offriamo servizi di interpretariato per la stesura di atti notarili.<\/p>\n<p>I nostri traduttori giurati e certificati vengono incaricati con traduzioni legali per avvocati, agenti brevettuali, autorit\u00e0, ambasciate e settori pubblici; se necessario sono anche in grado di asseverare la traduzione.<\/p>\n<p>Del nostro team interno fanno parte traduttori giurati per le seguenti lingue: inglese, francese, spagnolo, italiano e russo. Per ulteriori lingue osteuropee, nordeuropee e asiatiche ci rivolgiamo ai nostri traduttori certificati esterni. <span style=\"line-height: 1.5;\">\t\t<\/div>\n\n\t\t\n\t\t\t\t\t<h3 role=\"button\" id=\"accordion-1-t5\" class=\"accordion-title js-accordion-controller\" aria-controls=\"accordion-1-c5\" aria-expanded=\"false\" tabindex=\"0\">\n\t\t\t\tMarketing | Localizzazione\t\t\t<\/h3>\n\t\t\n\t\t<div id=\"accordion-1-c5\" class=\"accordion-content\" aria-hidden=\"true\">\n\t\t\t<\/span>L\u2019adattamento di un concetto alla realt\u00e0 locale del mercato internazionale di riferimento (localizzazione) \u00e8 fondamentale per il successo generale dei vostri prodotti, strategie marketing e siti web. In questo senso, la creativit\u00e0 necessaria per un testo pubblicitario viene spesso sottovalutata.<\/p>\n<p>Saremo lieti di fornirvi il supporto necessario grazie alle nostre conoscenze territoriali ed esperienze linguistiche a livello mondiale, un\u2019estesa rete di partner e le necessarie soluzioni software.<\/p>\n<p>I nostri colleghi specializzati in pubblicit\u00e0 e localizzazione hanno l\u2019esperienza e le competenze necessarie per trattare tale tipologia di testi, in modo da mantenere sempre il messaggio desiderato e la finalit\u00e0 del testo di partenza.<\/p>\n<p>Tali competenze sono confermate da collaborazioni di lunga data con agenzie pubblicitarie e dipartimenti marketing.\t\t<\/div>\n\n\t\t<\/div><\/p>\n","protected":false},"excerpt":{"rendered":"<p>I nostri traduttori lavorano in oltre 200 combinazioni linguistiche. La qualit\u00e0 di ogni traduzione \u00e8 garantita dal rispetto delle norme DIN EN 15038 e ISO 17100. Le traduzioni tecniche in lingua tedesca, inglese, francese, italiana, spagnola, russa, ucraina e polacca vengono inoltre controllate internamente. Cerchiamo per Voi e per il Vostro progetto il giusto traduttore, &#8230; <a title=\"Traduzioni tecniche da professionisti a professionisti\" class=\"read-more\" href=\"https:\/\/sprachteam.com\/it\/traduzioni-tecniche\/\" aria-label=\"Per saperne di pi\u00f9 su Traduzioni tecniche da professionisti a professionisti\">Read more<\/a><\/p>\n","protected":false},"author":1,"featured_media":174,"parent":0,"menu_order":0,"comment_status":"closed","ping_status":"open","template":"","meta":{"generate_page_header":"","footnotes":""},"class_list":["post-2","page","type-page","status-publish","has-post-thumbnail"],"yoast_head":"<!-- This site is optimized with the Yoast SEO plugin v27.1.1 - https:\/\/yoast.com\/product\/yoast-seo-wordpress\/ -->\n<title>Traduzioni tecniche da professionisti a professionisti - GlobalSprachTeam<\/title>\n<meta name=\"description\" content=\"Globalsprachteam Patent\u00fcbersetzung Englisch Konferenz Dolmetschen technische \u00dcbersetzung Berlin Z\u00fcrich Franz\u00f6sisch Japanisch Chinesisch Korrektur\" \/>\n<meta name=\"robots\" content=\"index, follow, max-snippet:-1, max-image-preview:large, max-video-preview:-1\" \/>\n<link rel=\"canonical\" href=\"https:\/\/sprachteam.com\/it\/traduzioni-tecniche\/\" \/>\n<meta property=\"og:locale\" content=\"it_IT\" \/>\n<meta property=\"og:type\" content=\"article\" \/>\n<meta property=\"og:title\" content=\"Traduzioni tecniche da professionisti a professionisti - GlobalSprachTeam\" \/>\n<meta property=\"og:description\" content=\"Globalsprachteam Patent\u00fcbersetzung Englisch Konferenz Dolmetschen technische \u00dcbersetzung Berlin Z\u00fcrich Franz\u00f6sisch Japanisch Chinesisch Korrektur\" \/>\n<meta property=\"og:url\" content=\"https:\/\/sprachteam.com\/it\/traduzioni-tecniche\/\" \/>\n<meta property=\"og:site_name\" content=\"GlobalSprachTeam\" \/>\n<meta property=\"article:modified_time\" content=\"2015-10-19T14:23:18+00:00\" \/>\n<meta property=\"og:image\" content=\"https:\/\/sprachteam.com\/it\/wp-content\/uploads\/sites\/6\/LHC02.jpg\" \/>\n\t<meta property=\"og:image:width\" content=\"1600\" \/>\n\t<meta property=\"og:image:height\" content=\"2248\" \/>\n\t<meta property=\"og:image:type\" content=\"image\/jpeg\" \/>\n<meta name=\"twitter:card\" content=\"summary_large_image\" \/>\n<meta name=\"twitter:label1\" content=\"Tempo di lettura stimato\" \/>\n\t<meta name=\"twitter:data1\" content=\"4 minuti\" \/>\n<script type=\"application\/ld+json\" class=\"yoast-schema-graph\">{\"@context\":\"https:\/\/schema.org\",\"@graph\":[{\"@type\":\"WebPage\",\"@id\":\"https:\/\/sprachteam.com\/it\/traduzioni-tecniche\/\",\"url\":\"https:\/\/sprachteam.com\/it\/traduzioni-tecniche\/\",\"name\":\"Traduzioni tecniche da professionisti a professionisti - GlobalSprachTeam\",\"isPartOf\":{\"@id\":\"https:\/\/sprachteam.com\/it\/#website\"},\"primaryImageOfPage\":{\"@id\":\"https:\/\/sprachteam.com\/it\/traduzioni-tecniche\/#primaryimage\"},\"image\":{\"@id\":\"https:\/\/sprachteam.com\/it\/traduzioni-tecniche\/#primaryimage\"},\"thumbnailUrl\":\"https:\/\/sprachteam.com\/it\/wp-content\/uploads\/sites\/6\/LHC02.jpg\",\"datePublished\":\"2015-06-26T08:57:18+00:00\",\"dateModified\":\"2015-10-19T14:23:18+00:00\",\"description\":\"Globalsprachteam Patent\u00fcbersetzung Englisch Konferenz Dolmetschen technische \u00dcbersetzung Berlin Z\u00fcrich Franz\u00f6sisch Japanisch Chinesisch Korrektur\",\"breadcrumb\":{\"@id\":\"https:\/\/sprachteam.com\/it\/traduzioni-tecniche\/#breadcrumb\"},\"inLanguage\":\"it-IT\",\"potentialAction\":[{\"@type\":\"ReadAction\",\"target\":[\"https:\/\/sprachteam.com\/it\/traduzioni-tecniche\/\"]}]},{\"@type\":\"ImageObject\",\"inLanguage\":\"it-IT\",\"@id\":\"https:\/\/sprachteam.com\/it\/traduzioni-tecniche\/#primaryimage\",\"url\":\"https:\/\/sprachteam.com\/it\/wp-content\/uploads\/sites\/6\/LHC02.jpg\",\"contentUrl\":\"https:\/\/sprachteam.com\/it\/wp-content\/uploads\/sites\/6\/LHC02.jpg\",\"width\":1600,\"height\":2248},{\"@type\":\"BreadcrumbList\",\"@id\":\"https:\/\/sprachteam.com\/it\/traduzioni-tecniche\/#breadcrumb\",\"itemListElement\":[{\"@type\":\"ListItem\",\"position\":1,\"name\":\"Home\",\"item\":\"https:\/\/sprachteam.com\/it\/\"},{\"@type\":\"ListItem\",\"position\":2,\"name\":\"Traduzioni tecniche da professionisti a professionisti\"}]},{\"@type\":\"WebSite\",\"@id\":\"https:\/\/sprachteam.com\/it\/#website\",\"url\":\"https:\/\/sprachteam.com\/it\/\",\"name\":\"GlobalSprachTeam\",\"description\":\"\",\"publisher\":{\"@id\":\"https:\/\/sprachteam.com\/it\/#organization\"},\"potentialAction\":[{\"@type\":\"SearchAction\",\"target\":{\"@type\":\"EntryPoint\",\"urlTemplate\":\"https:\/\/sprachteam.com\/it\/?s={search_term_string}\"},\"query-input\":{\"@type\":\"PropertyValueSpecification\",\"valueRequired\":true,\"valueName\":\"search_term_string\"}}],\"inLanguage\":\"it-IT\"},{\"@type\":\"Organization\",\"@id\":\"https:\/\/sprachteam.com\/it\/#organization\",\"name\":\"GlobalSprachTeam\",\"url\":\"https:\/\/sprachteam.com\/it\/\",\"logo\":{\"@type\":\"ImageObject\",\"inLanguage\":\"it-IT\",\"@id\":\"https:\/\/sprachteam.com\/it\/#\/schema\/logo\/image\/\",\"url\":\"https:\/\/sprachteam.com\/it\/wp-content\/uploads\/sites\/6\/Logo02.png\",\"contentUrl\":\"https:\/\/sprachteam.com\/it\/wp-content\/uploads\/sites\/6\/Logo02.png\",\"width\":161,\"height\":136,\"caption\":\"GlobalSprachTeam\"},\"image\":{\"@id\":\"https:\/\/sprachteam.com\/it\/#\/schema\/logo\/image\/\"}}]}<\/script>\n<!-- \/ Yoast SEO plugin. -->","yoast_head_json":{"title":"Traduzioni tecniche da professionisti a professionisti - GlobalSprachTeam","description":"Globalsprachteam Patent\u00fcbersetzung Englisch Konferenz Dolmetschen technische \u00dcbersetzung Berlin Z\u00fcrich Franz\u00f6sisch Japanisch Chinesisch Korrektur","robots":{"index":"index","follow":"follow","max-snippet":"max-snippet:-1","max-image-preview":"max-image-preview:large","max-video-preview":"max-video-preview:-1"},"canonical":"https:\/\/sprachteam.com\/it\/traduzioni-tecniche\/","og_locale":"it_IT","og_type":"article","og_title":"Traduzioni tecniche da professionisti a professionisti - GlobalSprachTeam","og_description":"Globalsprachteam Patent\u00fcbersetzung Englisch Konferenz Dolmetschen technische \u00dcbersetzung Berlin Z\u00fcrich Franz\u00f6sisch Japanisch Chinesisch Korrektur","og_url":"https:\/\/sprachteam.com\/it\/traduzioni-tecniche\/","og_site_name":"GlobalSprachTeam","article_modified_time":"2015-10-19T14:23:18+00:00","og_image":[{"width":1600,"height":2248,"url":"https:\/\/sprachteam.com\/it\/wp-content\/uploads\/sites\/6\/LHC02.jpg","type":"image\/jpeg"}],"twitter_card":"summary_large_image","twitter_misc":{"Tempo di lettura stimato":"4 minuti"},"schema":{"@context":"https:\/\/schema.org","@graph":[{"@type":"WebPage","@id":"https:\/\/sprachteam.com\/it\/traduzioni-tecniche\/","url":"https:\/\/sprachteam.com\/it\/traduzioni-tecniche\/","name":"Traduzioni tecniche da professionisti a professionisti - GlobalSprachTeam","isPartOf":{"@id":"https:\/\/sprachteam.com\/it\/#website"},"primaryImageOfPage":{"@id":"https:\/\/sprachteam.com\/it\/traduzioni-tecniche\/#primaryimage"},"image":{"@id":"https:\/\/sprachteam.com\/it\/traduzioni-tecniche\/#primaryimage"},"thumbnailUrl":"https:\/\/sprachteam.com\/it\/wp-content\/uploads\/sites\/6\/LHC02.jpg","datePublished":"2015-06-26T08:57:18+00:00","dateModified":"2015-10-19T14:23:18+00:00","description":"Globalsprachteam Patent\u00fcbersetzung Englisch Konferenz Dolmetschen technische \u00dcbersetzung Berlin Z\u00fcrich Franz\u00f6sisch Japanisch Chinesisch Korrektur","breadcrumb":{"@id":"https:\/\/sprachteam.com\/it\/traduzioni-tecniche\/#breadcrumb"},"inLanguage":"it-IT","potentialAction":[{"@type":"ReadAction","target":["https:\/\/sprachteam.com\/it\/traduzioni-tecniche\/"]}]},{"@type":"ImageObject","inLanguage":"it-IT","@id":"https:\/\/sprachteam.com\/it\/traduzioni-tecniche\/#primaryimage","url":"https:\/\/sprachteam.com\/it\/wp-content\/uploads\/sites\/6\/LHC02.jpg","contentUrl":"https:\/\/sprachteam.com\/it\/wp-content\/uploads\/sites\/6\/LHC02.jpg","width":1600,"height":2248},{"@type":"BreadcrumbList","@id":"https:\/\/sprachteam.com\/it\/traduzioni-tecniche\/#breadcrumb","itemListElement":[{"@type":"ListItem","position":1,"name":"Home","item":"https:\/\/sprachteam.com\/it\/"},{"@type":"ListItem","position":2,"name":"Traduzioni tecniche da professionisti a professionisti"}]},{"@type":"WebSite","@id":"https:\/\/sprachteam.com\/it\/#website","url":"https:\/\/sprachteam.com\/it\/","name":"GlobalSprachTeam","description":"","publisher":{"@id":"https:\/\/sprachteam.com\/it\/#organization"},"potentialAction":[{"@type":"SearchAction","target":{"@type":"EntryPoint","urlTemplate":"https:\/\/sprachteam.com\/it\/?s={search_term_string}"},"query-input":{"@type":"PropertyValueSpecification","valueRequired":true,"valueName":"search_term_string"}}],"inLanguage":"it-IT"},{"@type":"Organization","@id":"https:\/\/sprachteam.com\/it\/#organization","name":"GlobalSprachTeam","url":"https:\/\/sprachteam.com\/it\/","logo":{"@type":"ImageObject","inLanguage":"it-IT","@id":"https:\/\/sprachteam.com\/it\/#\/schema\/logo\/image\/","url":"https:\/\/sprachteam.com\/it\/wp-content\/uploads\/sites\/6\/Logo02.png","contentUrl":"https:\/\/sprachteam.com\/it\/wp-content\/uploads\/sites\/6\/Logo02.png","width":161,"height":136,"caption":"GlobalSprachTeam"},"image":{"@id":"https:\/\/sprachteam.com\/it\/#\/schema\/logo\/image\/"}}]}},"_links":{"self":[{"href":"https:\/\/sprachteam.com\/it\/wp-json\/wp\/v2\/pages\/2","targetHints":{"allow":["GET"]}}],"collection":[{"href":"https:\/\/sprachteam.com\/it\/wp-json\/wp\/v2\/pages"}],"about":[{"href":"https:\/\/sprachteam.com\/it\/wp-json\/wp\/v2\/types\/page"}],"author":[{"embeddable":true,"href":"https:\/\/sprachteam.com\/it\/wp-json\/wp\/v2\/users\/1"}],"replies":[{"embeddable":true,"href":"https:\/\/sprachteam.com\/it\/wp-json\/wp\/v2\/comments?post=2"}],"version-history":[{"count":39,"href":"https:\/\/sprachteam.com\/it\/wp-json\/wp\/v2\/pages\/2\/revisions"}],"predecessor-version":[{"id":409,"href":"https:\/\/sprachteam.com\/it\/wp-json\/wp\/v2\/pages\/2\/revisions\/409"}],"wp:featuredmedia":[{"embeddable":true,"href":"https:\/\/sprachteam.com\/it\/wp-json\/wp\/v2\/media\/174"}],"wp:attachment":[{"href":"https:\/\/sprachteam.com\/it\/wp-json\/wp\/v2\/media?parent=2"}],"curies":[{"name":"wp","href":"https:\/\/api.w.org\/{rel}","templated":true}]}}