{"id":15,"date":"2015-07-03T16:48:58","date_gmt":"2015-07-03T14:48:58","guid":{"rendered":"http:\/\/wp1159170.server-he.de\/_gst4\/wordpress\/?page_id=15"},"modified":"2019-09-10T13:19:15","modified_gmt":"2019-09-10T11:19:15","slug":"home","status":"publish","type":"page","link":"https:\/\/sprachteam.com\/it\/","title":{"rendered":"Home"},"content":{"rendered":"<div class='content-column one_fourth'><h2><a href=\"https:\/\/sprachteam.com\/it\/traduzioni-tecniche\/\">Traduzioni tecniche<\/a><\/h2>\n<p><a href=\"https:\/\/sprachteam.com\/it\/traduzioni-tecniche\/\">Brevetti\u00a0| Manuali\u00a0| Istruzioni per l\u2018uso\u00a0| Bilanci\u00a0| Medicina\u00a0| Contratti\u00a0| Bandi\u00a0| Certificati\u00a0| Localizzazione\u00a0| Comunicati stampa\u00a0| Cultura\u00a0| Asseverazione<\/a><\/p>\n<div><img loading=\"lazy\" decoding=\"async\" class=\"alignnone wp-image-159 size-medium\" src=\"https:\/\/sprachteam.com\/wp-content\/uploads\/sites\/6\/home_ue_09-300x200.jpg\" alt=\"\" width=\"300\" height=\"200\" srcset=\"https:\/\/sprachteam.com\/it\/wp-content\/uploads\/sites\/6\/home_ue_09-300x200.jpg 300w, https:\/\/sprachteam.com\/it\/wp-content\/uploads\/sites\/6\/home_ue_09.jpg 1000w\" sizes=\"auto, (max-width: 300px) 100vw, 300px\" \/><\/div><\/div><div class='content-column one_fourth'><h2><a href=\"https:\/\/sprachteam.com\/it\/editing\/\">Editing<\/a><\/h2>\n<p><a href=\"https:\/\/sprachteam.com\/it\/editing\/\">Ricerca accademica\u00a0| Libri\u00a0| Pubblicit\u00e0\u00a0| Marketing\u00a0| Siti internet\u00a0| Revisione di testi\u00a0| Prospetti\u00a0| Opuscoli\u00a0| Controllo Layout\u00a0| Volantini\u00a0| Correzioni\u00a0| Proofreading<\/a><\/p>\n<div><img loading=\"lazy\" decoding=\"async\" class=\"alignnone wp-image-165 size-medium\" src=\"https:\/\/sprachteam.com\/wp-content\/uploads\/sites\/6\/home_ed_08_02-300x200.jpg\" alt=\"\" width=\"300\" height=\"200\" srcset=\"https:\/\/sprachteam.com\/it\/wp-content\/uploads\/sites\/6\/home_ed_08_02-300x200.jpg 300w, https:\/\/sprachteam.com\/it\/wp-content\/uploads\/sites\/6\/home_ed_08_02.jpg 1000w\" sizes=\"auto, (max-width: 300px) 100vw, 300px\" \/><\/div><\/div><div class='content-column one_fourth'><h2><a href=\"https:\/\/sprachteam.com\/it\/interpretariato-di-conferenza\/\">Interpretariato di conferenza<\/a><\/h2>\n<p><a href=\"https:\/\/sprachteam.com\/it\/interpretariato-di-conferenza\/\">Conferenze\u00a0| Congressi\u00a0| Fiere\u00a0| Corsi di formazione\u00a0| Workshops\u00a0| Conferenze stampa\u00a0| Convegni\u00a0| Relazioni\u00a0| Visite in fabbrica\u00a0| Trattative<\/a><\/p>\n<div><img loading=\"lazy\" decoding=\"async\" class=\"alignnone wp-image-157 size-medium\" src=\"https:\/\/sprachteam.com\/wp-content\/uploads\/sites\/6\/home_dl_07-300x200.jpg\" alt=\"\" width=\"300\" height=\"200\" srcset=\"https:\/\/sprachteam.com\/it\/wp-content\/uploads\/sites\/6\/home_dl_07-300x200.jpg 300w, https:\/\/sprachteam.com\/it\/wp-content\/uploads\/sites\/6\/home_dl_07.jpg 1000w\" sizes=\"auto, (max-width: 300px) 100vw, 300px\" \/><\/div><\/div><div class='content-column one_fourth last_column'><h2>Blog<\/a><\/h2>\n<p><a href=\"https:\/\/sprachteam.com\/blog\/\">Unser Blog in Deutsch<\/a><br \/>\n<a href=\"https:\/\/sprachteam.com\/en\/blog\/\">Our blog in English<\/a><\/p>\n<div><img loading=\"lazy\" decoding=\"async\" src=\"https:\/\/sprachteam.com\/it\/wp-content\/uploads\/sites\/6\/Blogbild_Startseite_300x200-300x200.jpg\" alt=\"\" width=\"300\" height=\"200\" class=\"alignnone size-medium wp-image-438\" \/><\/div><\/div><div class='clear_column'><\/div><\/p>\n","protected":false},"excerpt":{"rendered":"","protected":false},"author":1,"featured_media":172,"parent":0,"menu_order":0,"comment_status":"closed","ping_status":"closed","template":"","meta":{"generate_page_header":"","footnotes":""},"class_list":["post-15","page","type-page","status-publish","has-post-thumbnail"],"yoast_head":"<!-- This site is optimized with the Yoast SEO plugin v27.1.1 - https:\/\/yoast.com\/product\/yoast-seo-wordpress\/ -->\n<title>Fach\u00fcbersetzungen - GlobalSprachTeam<\/title>\n<meta name=\"description\" content=\"Globalsprachteam Patent\u00fcbersetzung Englisch Konferenz Dolmetschen technische Fach\u00fcbersetzung Berlin Z\u00fcrich Franz\u00f6sisch Japanisch Chinesisch Korrektur\" \/>\n<meta name=\"robots\" content=\"index, follow, max-snippet:-1, max-image-preview:large, max-video-preview:-1\" \/>\n<link rel=\"canonical\" href=\"https:\/\/sprachteam.com\/it\/\" \/>\n<meta property=\"og:locale\" content=\"it_IT\" \/>\n<meta property=\"og:type\" content=\"article\" \/>\n<meta property=\"og:title\" content=\"Fach\u00fcbersetzungen - GlobalSprachTeam\" \/>\n<meta property=\"og:description\" content=\"Globalsprachteam Patent\u00fcbersetzung Englisch Konferenz Dolmetschen technische Fach\u00fcbersetzung Berlin Z\u00fcrich Franz\u00f6sisch Japanisch Chinesisch Korrektur\" \/>\n<meta property=\"og:url\" content=\"https:\/\/sprachteam.com\/it\/\" \/>\n<meta property=\"og:site_name\" content=\"GlobalSprachTeam\" \/>\n<meta property=\"article:modified_time\" content=\"2019-09-10T11:19:15+00:00\" \/>\n<meta property=\"og:image\" content=\"https:\/\/sprachteam.com\/it\/wp-content\/uploads\/sites\/6\/Team02.jpg\" \/>\n\t<meta property=\"og:image:width\" content=\"1600\" \/>\n\t<meta property=\"og:image:height\" content=\"2000\" \/>\n\t<meta property=\"og:image:type\" content=\"image\/jpeg\" \/>\n<meta name=\"twitter:card\" content=\"summary_large_image\" \/>\n<script type=\"application\/ld+json\" class=\"yoast-schema-graph\">{\"@context\":\"https:\/\/schema.org\",\"@graph\":[{\"@type\":\"WebPage\",\"@id\":\"https:\/\/sprachteam.com\/it\/\",\"url\":\"https:\/\/sprachteam.com\/it\/\",\"name\":\"Fach\u00fcbersetzungen - GlobalSprachTeam\",\"isPartOf\":{\"@id\":\"https:\/\/sprachteam.com\/it\/#website\"},\"primaryImageOfPage\":{\"@id\":\"https:\/\/sprachteam.com\/it\/#primaryimage\"},\"image\":{\"@id\":\"https:\/\/sprachteam.com\/it\/#primaryimage\"},\"thumbnailUrl\":\"https:\/\/sprachteam.com\/it\/wp-content\/uploads\/sites\/6\/Team02.jpg\",\"datePublished\":\"2015-07-03T14:48:58+00:00\",\"dateModified\":\"2019-09-10T11:19:15+00:00\",\"description\":\"Globalsprachteam Patent\u00fcbersetzung Englisch Konferenz Dolmetschen technische Fach\u00fcbersetzung Berlin Z\u00fcrich Franz\u00f6sisch Japanisch Chinesisch Korrektur\",\"breadcrumb\":{\"@id\":\"https:\/\/sprachteam.com\/it\/#breadcrumb\"},\"inLanguage\":\"it-IT\",\"potentialAction\":[{\"@type\":\"ReadAction\",\"target\":[\"https:\/\/sprachteam.com\/it\/\"]}]},{\"@type\":\"ImageObject\",\"inLanguage\":\"it-IT\",\"@id\":\"https:\/\/sprachteam.com\/it\/#primaryimage\",\"url\":\"https:\/\/sprachteam.com\/it\/wp-content\/uploads\/sites\/6\/Team02.jpg\",\"contentUrl\":\"https:\/\/sprachteam.com\/it\/wp-content\/uploads\/sites\/6\/Team02.jpg\",\"width\":1600,\"height\":2000},{\"@type\":\"BreadcrumbList\",\"@id\":\"https:\/\/sprachteam.com\/it\/#breadcrumb\",\"itemListElement\":[{\"@type\":\"ListItem\",\"position\":1,\"name\":\"Home\",\"item\":\"https:\/\/sprachteam.com\/it\/\"},{\"@type\":\"ListItem\",\"position\":2,\"name\":\"Home\"}]},{\"@type\":\"WebSite\",\"@id\":\"https:\/\/sprachteam.com\/it\/#website\",\"url\":\"https:\/\/sprachteam.com\/it\/\",\"name\":\"GlobalSprachTeam\",\"description\":\"\",\"publisher\":{\"@id\":\"https:\/\/sprachteam.com\/it\/#organization\"},\"potentialAction\":[{\"@type\":\"SearchAction\",\"target\":{\"@type\":\"EntryPoint\",\"urlTemplate\":\"https:\/\/sprachteam.com\/it\/?s={search_term_string}\"},\"query-input\":{\"@type\":\"PropertyValueSpecification\",\"valueRequired\":true,\"valueName\":\"search_term_string\"}}],\"inLanguage\":\"it-IT\"},{\"@type\":\"Organization\",\"@id\":\"https:\/\/sprachteam.com\/it\/#organization\",\"name\":\"GlobalSprachTeam\",\"url\":\"https:\/\/sprachteam.com\/it\/\",\"logo\":{\"@type\":\"ImageObject\",\"inLanguage\":\"it-IT\",\"@id\":\"https:\/\/sprachteam.com\/it\/#\/schema\/logo\/image\/\",\"url\":\"https:\/\/sprachteam.com\/it\/wp-content\/uploads\/sites\/6\/Logo02.png\",\"contentUrl\":\"https:\/\/sprachteam.com\/it\/wp-content\/uploads\/sites\/6\/Logo02.png\",\"width\":161,\"height\":136,\"caption\":\"GlobalSprachTeam\"},\"image\":{\"@id\":\"https:\/\/sprachteam.com\/it\/#\/schema\/logo\/image\/\"}}]}<\/script>\n<!-- \/ Yoast SEO plugin. -->","yoast_head_json":{"title":"Fach\u00fcbersetzungen - GlobalSprachTeam","description":"Globalsprachteam Patent\u00fcbersetzung Englisch Konferenz Dolmetschen technische Fach\u00fcbersetzung Berlin Z\u00fcrich Franz\u00f6sisch Japanisch Chinesisch Korrektur","robots":{"index":"index","follow":"follow","max-snippet":"max-snippet:-1","max-image-preview":"max-image-preview:large","max-video-preview":"max-video-preview:-1"},"canonical":"https:\/\/sprachteam.com\/it\/","og_locale":"it_IT","og_type":"article","og_title":"Fach\u00fcbersetzungen - GlobalSprachTeam","og_description":"Globalsprachteam Patent\u00fcbersetzung Englisch Konferenz Dolmetschen technische Fach\u00fcbersetzung Berlin Z\u00fcrich Franz\u00f6sisch Japanisch Chinesisch Korrektur","og_url":"https:\/\/sprachteam.com\/it\/","og_site_name":"GlobalSprachTeam","article_modified_time":"2019-09-10T11:19:15+00:00","og_image":[{"width":1600,"height":2000,"url":"https:\/\/sprachteam.com\/it\/wp-content\/uploads\/sites\/6\/Team02.jpg","type":"image\/jpeg"}],"twitter_card":"summary_large_image","schema":{"@context":"https:\/\/schema.org","@graph":[{"@type":"WebPage","@id":"https:\/\/sprachteam.com\/it\/","url":"https:\/\/sprachteam.com\/it\/","name":"Fach\u00fcbersetzungen - GlobalSprachTeam","isPartOf":{"@id":"https:\/\/sprachteam.com\/it\/#website"},"primaryImageOfPage":{"@id":"https:\/\/sprachteam.com\/it\/#primaryimage"},"image":{"@id":"https:\/\/sprachteam.com\/it\/#primaryimage"},"thumbnailUrl":"https:\/\/sprachteam.com\/it\/wp-content\/uploads\/sites\/6\/Team02.jpg","datePublished":"2015-07-03T14:48:58+00:00","dateModified":"2019-09-10T11:19:15+00:00","description":"Globalsprachteam Patent\u00fcbersetzung Englisch Konferenz Dolmetschen technische Fach\u00fcbersetzung Berlin Z\u00fcrich Franz\u00f6sisch Japanisch Chinesisch Korrektur","breadcrumb":{"@id":"https:\/\/sprachteam.com\/it\/#breadcrumb"},"inLanguage":"it-IT","potentialAction":[{"@type":"ReadAction","target":["https:\/\/sprachteam.com\/it\/"]}]},{"@type":"ImageObject","inLanguage":"it-IT","@id":"https:\/\/sprachteam.com\/it\/#primaryimage","url":"https:\/\/sprachteam.com\/it\/wp-content\/uploads\/sites\/6\/Team02.jpg","contentUrl":"https:\/\/sprachteam.com\/it\/wp-content\/uploads\/sites\/6\/Team02.jpg","width":1600,"height":2000},{"@type":"BreadcrumbList","@id":"https:\/\/sprachteam.com\/it\/#breadcrumb","itemListElement":[{"@type":"ListItem","position":1,"name":"Home","item":"https:\/\/sprachteam.com\/it\/"},{"@type":"ListItem","position":2,"name":"Home"}]},{"@type":"WebSite","@id":"https:\/\/sprachteam.com\/it\/#website","url":"https:\/\/sprachteam.com\/it\/","name":"GlobalSprachTeam","description":"","publisher":{"@id":"https:\/\/sprachteam.com\/it\/#organization"},"potentialAction":[{"@type":"SearchAction","target":{"@type":"EntryPoint","urlTemplate":"https:\/\/sprachteam.com\/it\/?s={search_term_string}"},"query-input":{"@type":"PropertyValueSpecification","valueRequired":true,"valueName":"search_term_string"}}],"inLanguage":"it-IT"},{"@type":"Organization","@id":"https:\/\/sprachteam.com\/it\/#organization","name":"GlobalSprachTeam","url":"https:\/\/sprachteam.com\/it\/","logo":{"@type":"ImageObject","inLanguage":"it-IT","@id":"https:\/\/sprachteam.com\/it\/#\/schema\/logo\/image\/","url":"https:\/\/sprachteam.com\/it\/wp-content\/uploads\/sites\/6\/Logo02.png","contentUrl":"https:\/\/sprachteam.com\/it\/wp-content\/uploads\/sites\/6\/Logo02.png","width":161,"height":136,"caption":"GlobalSprachTeam"},"image":{"@id":"https:\/\/sprachteam.com\/it\/#\/schema\/logo\/image\/"}}]}},"_links":{"self":[{"href":"https:\/\/sprachteam.com\/it\/wp-json\/wp\/v2\/pages\/15","targetHints":{"allow":["GET"]}}],"collection":[{"href":"https:\/\/sprachteam.com\/it\/wp-json\/wp\/v2\/pages"}],"about":[{"href":"https:\/\/sprachteam.com\/it\/wp-json\/wp\/v2\/types\/page"}],"author":[{"embeddable":true,"href":"https:\/\/sprachteam.com\/it\/wp-json\/wp\/v2\/users\/1"}],"replies":[{"embeddable":true,"href":"https:\/\/sprachteam.com\/it\/wp-json\/wp\/v2\/comments?post=15"}],"version-history":[{"count":68,"href":"https:\/\/sprachteam.com\/it\/wp-json\/wp\/v2\/pages\/15\/revisions"}],"predecessor-version":[{"id":439,"href":"https:\/\/sprachteam.com\/it\/wp-json\/wp\/v2\/pages\/15\/revisions\/439"}],"wp:featuredmedia":[{"embeddable":true,"href":"https:\/\/sprachteam.com\/it\/wp-json\/wp\/v2\/media\/172"}],"wp:attachment":[{"href":"https:\/\/sprachteam.com\/it\/wp-json\/wp\/v2\/media?parent=15"}],"curies":[{"name":"wp","href":"https:\/\/api.w.org\/{rel}","templated":true}]}}