{"id":2,"date":"2015-06-26T10:57:18","date_gmt":"2015-06-26T08:57:18","guid":{"rendered":"http:\/\/wp1159170.server-he.de\/_gst4\/wordpress\/?page_id=2"},"modified":"2015-11-16T12:34:26","modified_gmt":"2015-11-16T11:34:26","slug":"traductions-specialisees","status":"publish","type":"page","link":"https:\/\/sprachteam.com\/fr\/traductions-specialisees\/","title":{"rendered":"Des traductions sp\u00e9cialis\u00e9es,<br \/>par des professionnels, pour des professionnels"},"content":{"rendered":"<blockquote><p>Notre important pool de traducteurs nous donne acc\u00e8s \u00e0 plus de 250 combinaisons de langues.<\/p><\/blockquote>\n<p>La qualit\u00e9 de toutes nos traductions sp\u00e9cialis\u00e9es est garantie par la conformit\u00e9 aux normes DIN EN 15038 et ISO 17100. En outre, les traductions en allemand, anglais, fran\u00e7ais, italien, espagnol, russe, ukrainien et polonais sont r\u00e9vis\u00e9es en interne.<\/p>\n<p>Nous s\u00e9lectionnons un traducteur dont les comp\u00e9tences correspondent \u00e0 votre projet, nous pr\u00e9parons vos documents en bonne et due forme et nous vous livrons la traduction dans le respect des d\u00e9lais \u2013 m\u00eame lorsque ceux-ci sont tr\u00e8s serr\u00e9s\u00a0!<\/p>\n<p>Nous nous ferons un plaisir d\u2019\u00e9tablir un devis pour vous\u00a0: rapidement, gratuitement et sans aucune formalit\u00e9\u00a0!<\/p>\n<p>Les langues qui nous sont demand\u00e9es le plus fr\u00e9quemment? L\u2019anglais, le fran\u00e7ais, l\u2019italien, l\u2019espagnol, le russe, le japonais, le cor\u00e9en, le chinois, l\u2019arabe, le n\u00e9erlandais, le danois, le su\u00e9dois, le norv\u00e9gien, le finlandais, le hongrois, le tch\u00e8que\u2026 et d\u2019autres encore, en combinaison avec l\u2019allemand ou l\u2019anglais.<div id=\"accordion-1\" class=\"accordion no-js\">\n\t\t\t\t\t<h3 role=\"button\" id=\"accordion-1-t1\" class=\"accordion-title js-accordion-controller\" aria-controls=\"accordion-1-c1\" aria-expanded=\"false\" tabindex=\"0\">\n\t\t\t\tTechnologie\t\t\t<\/h3>\n\t\t\n\t\t<div id=\"accordion-1-c1\" class=\"accordion-content\" aria-hidden=\"true\">\n\t\t\t<\/p>\n<p>Nos traducteurs techniques sont des locuteurs natifs poss\u00e9dant des connaissances approfondies dans leurs sp\u00e9cialisations. Ils s\u2019appuient sur une formation ad\u00e9quate et b\u00e9n\u00e9ficient de plusieurs ann\u00e9es d\u2019exp\u00e9rience. Ma\u00eetrisant parfaitement le style et la terminologie sp\u00e9cialis\u00e9s, ils ont recours \u00e0 des syst\u00e8mes de m\u00e9moires de traduction, ainsi qu\u2019\u00e0 des bases de donn\u00e9es sp\u00e9cialement d\u00e9velopp\u00e9es pour leur activit\u00e9.<\/p>\n<p>La r\u00e9alisation de traductions techniques d\u2019un haut niveau n\u2019est possible qu\u2019en collaboration avec le client\u00a0: la demande de pr\u00e9cisions et la communication d\u2019informations suppl\u00e9mentaires, ainsi que la mise \u00e0 disposition de la terminologie de l\u2019entreprise sont des \u00e9tapes essentielles sur le chemin d\u2019une r\u00e9ussite en commun.<\/p>\n<p>Parmi les sp\u00e9cialisations constituant notre c\u0153ur de comp\u00e9tence, nous comptons la construction m\u00e9canique, la technique ferroviaire, la technologie m\u00e9dicale, la gestion de l\u2019eau, la technique environnementale, la chimie, la technique \u00e9v\u00e9nementielle, et plus encore<span style=\"line-height: 1.5;\">.<\/span><span style=\"line-height: 1.5;\">\t\t<\/div>\n\n\t\t\n\t\t\t\t\t<h3 role=\"button\" id=\"accordion-1-t2\" class=\"accordion-title js-accordion-controller\" aria-controls=\"accordion-1-c2\" aria-expanded=\"false\" tabindex=\"0\">\n\t\t\t\tBrevets\t\t\t<\/h3>\n\t\t\n\t\t<div id=\"accordion-1-c2\" class=\"accordion-content\" aria-hidden=\"true\">\n\t\t\t<\/span><\/p>\n<p>Plus de 15\u00a0000 brevets traduits \u2013 un chiffre qui parle de lui-m\u00eame\u00a0! la traduction de brevets fait partie du c\u0153ur de comp\u00e9tence de GlobalSprachTeam.<\/p>\n<p>La structure et les particularit\u00e9s stylistiques des textes de brevets n\u2019ont pas de secret pour nos traducteurs sp\u00e9cialis\u00e9s. Des mesures de formation continue internes r\u00e9guli\u00e8res, ainsi qu\u2019un \u00e9change \u00e9troit entre les traducteurs, les r\u00e9viseurs et les avocats en propri\u00e9t\u00e9 intellectuelle garantissent la coh\u00e9rence des formulations et des choix terminologiques sur l\u2019ensemble des projets. Les connaissances sp\u00e9cialis\u00e9es de nos traducteurs sont \u00e9galement \u00e0 votre disposition dans le cadre de litiges portant sur les brevets.<\/p>\n<p>Nous traduisons pour des avocats en propri\u00e9t\u00e9 intellectuelle et des services de brevets \u00e0 Berlin, Hambourg, Munich, Mannheim, Br\u00eame, Nuremberg, Berne et Zurich.<\/p>\n<p><span style=\"line-height: 1.5;\">Les brevets que nous traduisons rel\u00e8vent de domaines tels que la construction m\u00e9canique, la technique automobile, la chimie, la technologie m\u00e9dicale, la micro\u00e9lectronique, et bien d\u2019autres encore\u00a0; les langues cibles sont l\u2019anglais, le fran\u00e7ais, l\u2019italien, l\u2019espagnol, l\u2019autrichien, ainsi que les langues d\u2019Europe de l\u2019Est et d\u2019Europe du Nord. Par ailleurs, on constate depuis quelques ann\u00e9es une augmentation de la demande pour le japonais, le chinois et le cor\u00e9en.<\/span><span style=\"line-height: 1.5;\">\t\t<\/div>\n\n\t\t\n\t\t\t\t\t<h3 role=\"button\" id=\"accordion-1-t3\" class=\"accordion-title js-accordion-controller\" aria-controls=\"accordion-1-c3\" aria-expanded=\"false\" tabindex=\"0\">\n\t\t\t\tScience | \u00c9ducation\t\t\t<\/h3>\n\t\t\n\t\t<div id=\"accordion-1-c3\" class=\"accordion-content\" aria-hidden=\"true\">\n\t\t\t<\/span><\/p>\n<p>Locuteurs natifs de la langue cible, nos traducteurs scientifiques disposent de connaissances universitaires leur permettant d\u2019\u00eatre parfaitement \u00e0 l\u2019aise dans les domaines consid\u00e9r\u00e9s. Ils font preuve d\u2019une grande ma\u00eetrise du style et de la terminologie employ\u00e9s dans les publications scientifiques.<\/p>\n<p>Nous traduisons de nombreux types de documents\u00a0: \u00e9tudes, articles, rapports de recherche, projets de recherche, avis d\u2019experts, annonces de postes, dossiers de candidatures, et plus encore.<\/p>\n<p>Parmi nos clients, on compte des universit\u00e9s, des grandes \u00e9coles, des offices f\u00e9d\u00e9raux, des instituts de recherche, des minist\u00e8res et des scientifiques.<\/p>\n<p>Apr\u00e8s 20 ans d\u2019exp\u00e9rience et des milliers de traductions dans le domaine de l\u2019\u00e9ducation\/de la formation professionnelle, nous pouvons parler d\u2019une v\u00e9ritable \u00ab\u00a0success story\u00a0\u00bb\u00a0!<\/p>\n<p><span style=\"line-height: 1.5;\">Ce sont ces traductions sp\u00e9cialis\u00e9es qui repr\u00e9sentent notre contribution \u00e0 la mobilit\u00e9 transfrontali\u00e8re en Europe<\/span><span style=\"line-height: 1.5;\">.\t\t<\/div>\n\n\t\t\n\t\t\t\t\t<h3 role=\"button\" id=\"accordion-1-t4\" class=\"accordion-title js-accordion-controller\" aria-controls=\"accordion-1-c4\" aria-expanded=\"false\" tabindex=\"0\">\n\t\t\t\t\u00c9conomie | Droit\t\t\t<\/h3>\n\t\t\n\t\t<div id=\"accordion-1-c4\" class=\"accordion-content\" aria-hidden=\"true\">\n\t\t\t<\/span><\/p>\n<p>Outre la traduction dans les domaines des brevets et de la technique, notre gamme de prestations couvre \u00e9galement la traduction de tous les documents indispensables au fonctionnement de l\u2019\u00e9conomie et du commerce, tels que contrats, extraits de registres de commerce, bilans, actes officiels, textes de lois, arr\u00eats des tribunaux, rapports d\u2019expertises ou certificats. Nous nous chargeons \u00e9galement de l\u2019interpr\u00e9tation lors de l\u2019\u00e9tablissement d\u2019actes notari\u00e9s.<\/p>\n<p>Les traductions juridiques pour les avocats, les avocats en propri\u00e9t\u00e9 intellectuelle, les instances officielles, les ambassades et les pouvoirs publics sont confi\u00e9es \u00e0 nos traducteurs asserment\u00e9s ou agr\u00e9\u00e9s\u00a0; le cas \u00e9ch\u00e9ant, ceux-ci peuvent \u00e9galement garantir qu\u2019une traduction est certifi\u00e9e conforme.<\/p>\n<p><span style=\"line-height: 1.5;\">Notre \u00e9quipe interne se compose de traducteurs asserment\u00e9s en anglais, fran\u00e7ais, espagnol, italien et russe. Nos traducteurs asserment\u00e9s externes sont \u00e0 votre disposition pour les autres langues d\u2019Europe de l\u2019Est et d\u2019Europe du Nord, ainsi que pour les langues asiatiques. <\/span><span style=\"line-height: 1.5;\">\t\t<\/div>\n\n\t\t\n\t\t\t\t\t<h3 role=\"button\" id=\"accordion-1-t5\" class=\"accordion-title js-accordion-controller\" aria-controls=\"accordion-1-c5\" aria-expanded=\"false\" tabindex=\"0\">\n\t\t\t\tMarketing | Localisation\t\t\t<\/h3>\n\t\t\n\t\t<div id=\"accordion-1-c5\" class=\"accordion-content\" aria-hidden=\"true\">\n\t\t\t<\/span>L\u2019adaptation d\u2019un concept aux donn\u00e9es locales du march\u00e9 cible (localisation) est un \u00e9l\u00e9ment cl\u00e9 de la r\u00e9ussite \u00e0 l\u2019international de vos produits, de vos strat\u00e9gies de marketing et de vos sites Internet. \u00c0 cet \u00e9gard, la cr\u00e9ativit\u00e9 dont doit faire preuve le traducteur de textes publicitaires est souvent sous-estim\u00e9e.<\/p>\n<p>Nous nous ferons un plaisir de vous apporter notre soutien gr\u00e2ce \u00e0 nos connaissances en mati\u00e8re culturelle, \u00e0 notre exp\u00e9rience de la langue et \u00e0 nos r\u00e9seaux internationaux, ainsi que par des solutions logicielles appropri\u00e9es.<\/p>\n<p>Nos traducteurs sp\u00e9cialis\u00e9s dans le domaine de la publicit\u00e9 et de la localisation manifestent un sens aigu de la formulation pour les contenus de ce type, et savent trouver le juste \u00e9quilibre entre message vis\u00e9 et expressions usuelles dans la langue cible.<\/p>\n<p><span style=\"line-height: 1.5;\">Nos comp\u00e9tences dans ce domaine sont le fruit de longues ann\u00e9es de collaboration avec des agences de publicit\u00e9 et des services de marketing.<\/span><span style=\"line-height: 1.5;\">\t\t<\/div>\n\n\t\t<\/div><\/span><\/p>\n","protected":false},"excerpt":{"rendered":"<p>Notre important pool de traducteurs nous donne acc\u00e8s \u00e0 plus de 250 combinaisons de langues. La qualit\u00e9 de toutes nos traductions sp\u00e9cialis\u00e9es est garantie par la conformit\u00e9 aux normes DIN EN 15038 et ISO 17100. En outre, les traductions en allemand, anglais, fran\u00e7ais, italien, espagnol, russe, ukrainien et polonais sont r\u00e9vis\u00e9es en interne. Nous s\u00e9lectionnons &#8230; <a title=\"Des traductions sp\u00e9cialis\u00e9es,par des professionnels, pour des professionnels\" class=\"read-more\" href=\"https:\/\/sprachteam.com\/fr\/traductions-specialisees\/\" aria-label=\"En savoir plus sur Des traductions sp\u00e9cialis\u00e9es,par des professionnels, pour des professionnels\">Read more<\/a><\/p>\n","protected":false},"author":1,"featured_media":174,"parent":0,"menu_order":0,"comment_status":"closed","ping_status":"open","template":"","meta":{"generate_page_header":"","footnotes":""},"class_list":["post-2","page","type-page","status-publish","has-post-thumbnail"],"yoast_head":"<!-- This site is optimized with the Yoast SEO plugin v27.1.1 - https:\/\/yoast.com\/product\/yoast-seo-wordpress\/ -->\n<title>Specialist translations by professionals for professionals<\/title>\n<meta name=\"description\" content=\"Specialist translations by professionals for professionals\" \/>\n<meta name=\"robots\" content=\"index, follow, max-snippet:-1, max-image-preview:large, max-video-preview:-1\" \/>\n<link rel=\"canonical\" href=\"https:\/\/sprachteam.com\/fr\/traductions-specialisees\/\" \/>\n<meta property=\"og:locale\" content=\"fr_FR\" \/>\n<meta property=\"og:type\" content=\"article\" \/>\n<meta property=\"og:title\" content=\"Specialist translations by professionals for professionals\" \/>\n<meta property=\"og:description\" content=\"Specialist translations by professionals for professionals\" \/>\n<meta property=\"og:url\" content=\"https:\/\/sprachteam.com\/fr\/traductions-specialisees\/\" \/>\n<meta property=\"og:site_name\" content=\"GlobalSprachTeam\" \/>\n<meta property=\"article:modified_time\" content=\"2015-11-16T11:34:26+00:00\" \/>\n<meta property=\"og:image\" content=\"https:\/\/sprachteam.com\/fr\/wp-content\/uploads\/sites\/7\/LHC02.jpg\" \/>\n\t<meta property=\"og:image:width\" content=\"1600\" \/>\n\t<meta property=\"og:image:height\" content=\"2248\" \/>\n\t<meta property=\"og:image:type\" content=\"image\/jpeg\" \/>\n<meta name=\"twitter:card\" content=\"summary_large_image\" \/>\n<meta name=\"twitter:label1\" content=\"Dur\u00e9e de lecture estim\u00e9e\" \/>\n\t<meta name=\"twitter:data1\" content=\"5 minutes\" \/>\n<script type=\"application\/ld+json\" class=\"yoast-schema-graph\">{\"@context\":\"https:\/\/schema.org\",\"@graph\":[{\"@type\":\"WebPage\",\"@id\":\"https:\/\/sprachteam.com\/fr\/traductions-specialisees\/\",\"url\":\"https:\/\/sprachteam.com\/fr\/traductions-specialisees\/\",\"name\":\"Specialist translations by professionals for professionals\",\"isPartOf\":{\"@id\":\"https:\/\/sprachteam.com\/fr\/#website\"},\"primaryImageOfPage\":{\"@id\":\"https:\/\/sprachteam.com\/fr\/traductions-specialisees\/#primaryimage\"},\"image\":{\"@id\":\"https:\/\/sprachteam.com\/fr\/traductions-specialisees\/#primaryimage\"},\"thumbnailUrl\":\"https:\/\/sprachteam.com\/fr\/wp-content\/uploads\/sites\/7\/LHC02.jpg\",\"datePublished\":\"2015-06-26T08:57:18+00:00\",\"dateModified\":\"2015-11-16T11:34:26+00:00\",\"description\":\"Specialist translations by professionals for professionals\",\"breadcrumb\":{\"@id\":\"https:\/\/sprachteam.com\/fr\/traductions-specialisees\/#breadcrumb\"},\"inLanguage\":\"fr-FR\",\"potentialAction\":[{\"@type\":\"ReadAction\",\"target\":[\"https:\/\/sprachteam.com\/fr\/traductions-specialisees\/\"]}]},{\"@type\":\"ImageObject\",\"inLanguage\":\"fr-FR\",\"@id\":\"https:\/\/sprachteam.com\/fr\/traductions-specialisees\/#primaryimage\",\"url\":\"https:\/\/sprachteam.com\/fr\/wp-content\/uploads\/sites\/7\/LHC02.jpg\",\"contentUrl\":\"https:\/\/sprachteam.com\/fr\/wp-content\/uploads\/sites\/7\/LHC02.jpg\",\"width\":1600,\"height\":2248},{\"@type\":\"BreadcrumbList\",\"@id\":\"https:\/\/sprachteam.com\/fr\/traductions-specialisees\/#breadcrumb\",\"itemListElement\":[{\"@type\":\"ListItem\",\"position\":1,\"name\":\"Home\",\"item\":\"https:\/\/sprachteam.com\/fr\/\"},{\"@type\":\"ListItem\",\"position\":2,\"name\":\"Des traductions sp\u00e9cialis\u00e9es,par des professionnels, pour des professionnels\"}]},{\"@type\":\"WebSite\",\"@id\":\"https:\/\/sprachteam.com\/fr\/#website\",\"url\":\"https:\/\/sprachteam.com\/fr\/\",\"name\":\"GlobalSprachTeam\",\"description\":\"\",\"publisher\":{\"@id\":\"https:\/\/sprachteam.com\/fr\/#organization\"},\"potentialAction\":[{\"@type\":\"SearchAction\",\"target\":{\"@type\":\"EntryPoint\",\"urlTemplate\":\"https:\/\/sprachteam.com\/fr\/?s={search_term_string}\"},\"query-input\":{\"@type\":\"PropertyValueSpecification\",\"valueRequired\":true,\"valueName\":\"search_term_string\"}}],\"inLanguage\":\"fr-FR\"},{\"@type\":\"Organization\",\"@id\":\"https:\/\/sprachteam.com\/fr\/#organization\",\"name\":\"GlobalSprachTeam\",\"url\":\"https:\/\/sprachteam.com\/fr\/\",\"logo\":{\"@type\":\"ImageObject\",\"inLanguage\":\"fr-FR\",\"@id\":\"https:\/\/sprachteam.com\/fr\/#\/schema\/logo\/image\/\",\"url\":\"https:\/\/sprachteam.com\/fr\/wp-content\/uploads\/sites\/7\/Logo02.png\",\"contentUrl\":\"https:\/\/sprachteam.com\/fr\/wp-content\/uploads\/sites\/7\/Logo02.png\",\"width\":161,\"height\":136,\"caption\":\"GlobalSprachTeam\"},\"image\":{\"@id\":\"https:\/\/sprachteam.com\/fr\/#\/schema\/logo\/image\/\"}}]}<\/script>\n<!-- \/ Yoast SEO plugin. -->","yoast_head_json":{"title":"Specialist translations by professionals for professionals","description":"Specialist translations by professionals for professionals","robots":{"index":"index","follow":"follow","max-snippet":"max-snippet:-1","max-image-preview":"max-image-preview:large","max-video-preview":"max-video-preview:-1"},"canonical":"https:\/\/sprachteam.com\/fr\/traductions-specialisees\/","og_locale":"fr_FR","og_type":"article","og_title":"Specialist translations by professionals for professionals","og_description":"Specialist translations by professionals for professionals","og_url":"https:\/\/sprachteam.com\/fr\/traductions-specialisees\/","og_site_name":"GlobalSprachTeam","article_modified_time":"2015-11-16T11:34:26+00:00","og_image":[{"width":1600,"height":2248,"url":"https:\/\/sprachteam.com\/fr\/wp-content\/uploads\/sites\/7\/LHC02.jpg","type":"image\/jpeg"}],"twitter_card":"summary_large_image","twitter_misc":{"Dur\u00e9e de lecture estim\u00e9e":"5 minutes"},"schema":{"@context":"https:\/\/schema.org","@graph":[{"@type":"WebPage","@id":"https:\/\/sprachteam.com\/fr\/traductions-specialisees\/","url":"https:\/\/sprachteam.com\/fr\/traductions-specialisees\/","name":"Specialist translations by professionals for professionals","isPartOf":{"@id":"https:\/\/sprachteam.com\/fr\/#website"},"primaryImageOfPage":{"@id":"https:\/\/sprachteam.com\/fr\/traductions-specialisees\/#primaryimage"},"image":{"@id":"https:\/\/sprachteam.com\/fr\/traductions-specialisees\/#primaryimage"},"thumbnailUrl":"https:\/\/sprachteam.com\/fr\/wp-content\/uploads\/sites\/7\/LHC02.jpg","datePublished":"2015-06-26T08:57:18+00:00","dateModified":"2015-11-16T11:34:26+00:00","description":"Specialist translations by professionals for professionals","breadcrumb":{"@id":"https:\/\/sprachteam.com\/fr\/traductions-specialisees\/#breadcrumb"},"inLanguage":"fr-FR","potentialAction":[{"@type":"ReadAction","target":["https:\/\/sprachteam.com\/fr\/traductions-specialisees\/"]}]},{"@type":"ImageObject","inLanguage":"fr-FR","@id":"https:\/\/sprachteam.com\/fr\/traductions-specialisees\/#primaryimage","url":"https:\/\/sprachteam.com\/fr\/wp-content\/uploads\/sites\/7\/LHC02.jpg","contentUrl":"https:\/\/sprachteam.com\/fr\/wp-content\/uploads\/sites\/7\/LHC02.jpg","width":1600,"height":2248},{"@type":"BreadcrumbList","@id":"https:\/\/sprachteam.com\/fr\/traductions-specialisees\/#breadcrumb","itemListElement":[{"@type":"ListItem","position":1,"name":"Home","item":"https:\/\/sprachteam.com\/fr\/"},{"@type":"ListItem","position":2,"name":"Des traductions sp\u00e9cialis\u00e9es,par des professionnels, pour des professionnels"}]},{"@type":"WebSite","@id":"https:\/\/sprachteam.com\/fr\/#website","url":"https:\/\/sprachteam.com\/fr\/","name":"GlobalSprachTeam","description":"","publisher":{"@id":"https:\/\/sprachteam.com\/fr\/#organization"},"potentialAction":[{"@type":"SearchAction","target":{"@type":"EntryPoint","urlTemplate":"https:\/\/sprachteam.com\/fr\/?s={search_term_string}"},"query-input":{"@type":"PropertyValueSpecification","valueRequired":true,"valueName":"search_term_string"}}],"inLanguage":"fr-FR"},{"@type":"Organization","@id":"https:\/\/sprachteam.com\/fr\/#organization","name":"GlobalSprachTeam","url":"https:\/\/sprachteam.com\/fr\/","logo":{"@type":"ImageObject","inLanguage":"fr-FR","@id":"https:\/\/sprachteam.com\/fr\/#\/schema\/logo\/image\/","url":"https:\/\/sprachteam.com\/fr\/wp-content\/uploads\/sites\/7\/Logo02.png","contentUrl":"https:\/\/sprachteam.com\/fr\/wp-content\/uploads\/sites\/7\/Logo02.png","width":161,"height":136,"caption":"GlobalSprachTeam"},"image":{"@id":"https:\/\/sprachteam.com\/fr\/#\/schema\/logo\/image\/"}}]}},"_links":{"self":[{"href":"https:\/\/sprachteam.com\/fr\/wp-json\/wp\/v2\/pages\/2","targetHints":{"allow":["GET"]}}],"collection":[{"href":"https:\/\/sprachteam.com\/fr\/wp-json\/wp\/v2\/pages"}],"about":[{"href":"https:\/\/sprachteam.com\/fr\/wp-json\/wp\/v2\/types\/page"}],"author":[{"embeddable":true,"href":"https:\/\/sprachteam.com\/fr\/wp-json\/wp\/v2\/users\/1"}],"replies":[{"embeddable":true,"href":"https:\/\/sprachteam.com\/fr\/wp-json\/wp\/v2\/comments?post=2"}],"version-history":[{"count":36,"href":"https:\/\/sprachteam.com\/fr\/wp-json\/wp\/v2\/pages\/2\/revisions"}],"predecessor-version":[{"id":356,"href":"https:\/\/sprachteam.com\/fr\/wp-json\/wp\/v2\/pages\/2\/revisions\/356"}],"wp:featuredmedia":[{"embeddable":true,"href":"https:\/\/sprachteam.com\/fr\/wp-json\/wp\/v2\/media\/174"}],"wp:attachment":[{"href":"https:\/\/sprachteam.com\/fr\/wp-json\/wp\/v2\/media?parent=2"}],"curies":[{"name":"wp","href":"https:\/\/api.w.org\/{rel}","templated":true}]}}