{"id":15,"date":"2015-07-03T16:48:58","date_gmt":"2015-07-03T14:48:58","guid":{"rendered":"http:\/\/wp1159170.server-he.de\/_gst4\/wordpress\/?page_id=15"},"modified":"2019-09-10T13:20:21","modified_gmt":"2019-09-10T11:20:21","slug":"home","status":"publish","type":"page","link":"https:\/\/sprachteam.com\/fr\/","title":{"rendered":"Home"},"content":{"rendered":"<div class='content-column one_fourth'><h2><a href=\"https:\/\/sprachteam.com\/fr\/traductions-specialisees\/\">Traductions sp\u00e9cialis\u00e9es<\/a><\/h2>\n<p><a href=\"https:\/\/sprachteam.com\/fr\/traductions-specialisees\/\">Brevet\u00a0| Appel d\u2019offre\u00a0| Bilan\u00a0| Manuel\u00a0| Contrat\u00a0| Culture\u00a0| Notice d\u2019utilisation\u00a0| Rapport d\u2019expertise\u00a0| M\u00e9decine\u00a0| Communiqu\u00e9 de presse\u00a0| Localisation\u00a0| Certification<\/a><\/p>\n<div><img loading=\"lazy\" decoding=\"async\" class=\"alignnone wp-image-159 size-medium\" src=\"https:\/\/sprachteam.com\/fr\/wp-content\/uploads\/sites\/7\/home_ue_09-300x200.jpg\" alt=\"Specialist Translations\" width=\"300\" height=\"200\" srcset=\"https:\/\/sprachteam.com\/fr\/wp-content\/uploads\/sites\/7\/home_ue_09-300x200.jpg 300w, https:\/\/sprachteam.com\/fr\/wp-content\/uploads\/sites\/7\/home_ue_09.jpg 1000w\" sizes=\"auto, (max-width: 300px) 100vw, 300px\" \/><\/div><\/div><div class='content-column one_fourth'><h2><a href=\"https:\/\/sprachteam.com\/fr\/edition\/\">\u00c9dition<\/a><\/h2>\n<p><a href=\"https:\/\/sprachteam.com\/fr\/edition\/\">Science\u00a0| Publicit\u00e9\u00a0| Marketing\u00a0| D\u00e9pliant\u00a0| Brochure\u00a0| Site Internet\u00a0| Livre\u00a0| Flyer\u00a0| Relecture\u00a0| R\u00e9vision\u00a0| Mise en page\u00a0| Lectorat<\/a><\/p>\n<div><img loading=\"lazy\" decoding=\"async\" class=\"alignnone wp-image-165 size-medium\" src=\"https:\/\/sprachteam.com\/fr\/wp-content\/uploads\/sites\/7\/home_ed_08_02-300x200.jpg\" alt=\"Specialist Translations\" width=\"300\" height=\"200\" srcset=\"https:\/\/sprachteam.com\/fr\/wp-content\/uploads\/sites\/7\/home_ed_08_02-300x200.jpg 300w, https:\/\/sprachteam.com\/fr\/wp-content\/uploads\/sites\/7\/home_ed_08_02.jpg 1000w\" sizes=\"auto, (max-width: 300px) 100vw, 300px\" \/><\/div><\/div><div class='content-column one_fourth'><h2><a href=\"https:\/\/sprachteam.com\/fr\/interpretation-de-conference\/\">Interpr\u00e9tation de conf\u00e9rence<\/a><\/h2>\n<p><a href=\"https:\/\/sprachteam.com\/fr\/interpretation-de-conference\/\">Conf\u00e9rence | Congr\u00e8s | Salon | Formation | Conf\u00e9rence de presse | Atelier | Symposium | Conf\u00e9rence | N\u00e9gociations | Visite d\u2019usine<\/a><\/p>\n<div><img loading=\"lazy\" decoding=\"async\" class=\"alignnone wp-image-157 size-medium\" src=\"https:\/\/sprachteam.com\/fr\/wp-content\/uploads\/sites\/7\/home_dl_07-300x200.jpg\" alt=\"Specialist Translations\" width=\"300\" height=\"200\" srcset=\"https:\/\/sprachteam.com\/fr\/wp-content\/uploads\/sites\/7\/home_dl_07-300x200.jpg 300w, https:\/\/sprachteam.com\/fr\/wp-content\/uploads\/sites\/7\/home_dl_07.jpg 1000w\" sizes=\"auto, (max-width: 300px) 100vw, 300px\" \/><\/div><\/div><div class='content-column one_fourth last_column'><h2>Blog<\/a><\/h2>\n<p><a href=\"https:\/\/sprachteam.com\/blog\/\">Unser Blog in Deutsch<\/a><br \/>\n<a href=\"https:\/\/sprachteam.com\/en\/blog\/\">Our blog in English<\/a><\/p>\n<div><img loading=\"lazy\" decoding=\"async\" src=\"https:\/\/sprachteam.com\/fr\/wp-content\/uploads\/sites\/7\/Blogbild_Startseite_300x200-300x200.jpg\" alt=\"\" width=\"300\" height=\"200\" class=\"alignnone size-medium wp-image-391\" \/><\/div><\/div><div class='clear_column'><\/div><\/p>\n","protected":false},"excerpt":{"rendered":"","protected":false},"author":1,"featured_media":172,"parent":0,"menu_order":0,"comment_status":"closed","ping_status":"closed","template":"","meta":{"generate_page_header":"","footnotes":""},"class_list":["post-15","page","type-page","status-publish","has-post-thumbnail"],"yoast_head":"<!-- This site is optimized with the Yoast SEO plugin v27.1.1 - https:\/\/yoast.com\/product\/yoast-seo-wordpress\/ -->\n<title>Specialist Translations - GlobalSprachTeam<\/title>\n<meta name=\"description\" content=\"Specialist Translations in many languages.\" \/>\n<meta name=\"robots\" content=\"index, follow, max-snippet:-1, max-image-preview:large, max-video-preview:-1\" \/>\n<link rel=\"canonical\" href=\"https:\/\/sprachteam.com\/fr\/\" \/>\n<meta property=\"og:locale\" content=\"fr_FR\" \/>\n<meta property=\"og:type\" content=\"article\" \/>\n<meta property=\"og:title\" content=\"Specialist Translations - GlobalSprachTeam\" \/>\n<meta property=\"og:description\" content=\"Specialist Translations in many languages.\" \/>\n<meta property=\"og:url\" content=\"https:\/\/sprachteam.com\/fr\/\" \/>\n<meta property=\"og:site_name\" content=\"GlobalSprachTeam\" \/>\n<meta property=\"article:modified_time\" content=\"2019-09-10T11:20:21+00:00\" \/>\n<meta property=\"og:image\" content=\"https:\/\/sprachteam.com\/fr\/wp-content\/uploads\/sites\/7\/Team02.jpg\" \/>\n\t<meta property=\"og:image:width\" content=\"1600\" \/>\n\t<meta property=\"og:image:height\" content=\"2000\" \/>\n\t<meta property=\"og:image:type\" content=\"image\/jpeg\" \/>\n<meta name=\"twitter:card\" content=\"summary_large_image\" \/>\n<script type=\"application\/ld+json\" class=\"yoast-schema-graph\">{\"@context\":\"https:\/\/schema.org\",\"@graph\":[{\"@type\":\"WebPage\",\"@id\":\"https:\/\/sprachteam.com\/fr\/\",\"url\":\"https:\/\/sprachteam.com\/fr\/\",\"name\":\"Specialist Translations - GlobalSprachTeam\",\"isPartOf\":{\"@id\":\"https:\/\/sprachteam.com\/fr\/#website\"},\"primaryImageOfPage\":{\"@id\":\"https:\/\/sprachteam.com\/fr\/#primaryimage\"},\"image\":{\"@id\":\"https:\/\/sprachteam.com\/fr\/#primaryimage\"},\"thumbnailUrl\":\"https:\/\/sprachteam.com\/fr\/wp-content\/uploads\/sites\/7\/Team02.jpg\",\"datePublished\":\"2015-07-03T14:48:58+00:00\",\"dateModified\":\"2019-09-10T11:20:21+00:00\",\"description\":\"Specialist Translations in many languages.\",\"breadcrumb\":{\"@id\":\"https:\/\/sprachteam.com\/fr\/#breadcrumb\"},\"inLanguage\":\"fr-FR\",\"potentialAction\":[{\"@type\":\"ReadAction\",\"target\":[\"https:\/\/sprachteam.com\/fr\/\"]}]},{\"@type\":\"ImageObject\",\"inLanguage\":\"fr-FR\",\"@id\":\"https:\/\/sprachteam.com\/fr\/#primaryimage\",\"url\":\"https:\/\/sprachteam.com\/fr\/wp-content\/uploads\/sites\/7\/Team02.jpg\",\"contentUrl\":\"https:\/\/sprachteam.com\/fr\/wp-content\/uploads\/sites\/7\/Team02.jpg\",\"width\":1600,\"height\":2000},{\"@type\":\"BreadcrumbList\",\"@id\":\"https:\/\/sprachteam.com\/fr\/#breadcrumb\",\"itemListElement\":[{\"@type\":\"ListItem\",\"position\":1,\"name\":\"Home\",\"item\":\"https:\/\/sprachteam.com\/fr\/\"},{\"@type\":\"ListItem\",\"position\":2,\"name\":\"Home\"}]},{\"@type\":\"WebSite\",\"@id\":\"https:\/\/sprachteam.com\/fr\/#website\",\"url\":\"https:\/\/sprachteam.com\/fr\/\",\"name\":\"GlobalSprachTeam\",\"description\":\"\",\"publisher\":{\"@id\":\"https:\/\/sprachteam.com\/fr\/#organization\"},\"potentialAction\":[{\"@type\":\"SearchAction\",\"target\":{\"@type\":\"EntryPoint\",\"urlTemplate\":\"https:\/\/sprachteam.com\/fr\/?s={search_term_string}\"},\"query-input\":{\"@type\":\"PropertyValueSpecification\",\"valueRequired\":true,\"valueName\":\"search_term_string\"}}],\"inLanguage\":\"fr-FR\"},{\"@type\":\"Organization\",\"@id\":\"https:\/\/sprachteam.com\/fr\/#organization\",\"name\":\"GlobalSprachTeam\",\"url\":\"https:\/\/sprachteam.com\/fr\/\",\"logo\":{\"@type\":\"ImageObject\",\"inLanguage\":\"fr-FR\",\"@id\":\"https:\/\/sprachteam.com\/fr\/#\/schema\/logo\/image\/\",\"url\":\"https:\/\/sprachteam.com\/fr\/wp-content\/uploads\/sites\/7\/Logo02.png\",\"contentUrl\":\"https:\/\/sprachteam.com\/fr\/wp-content\/uploads\/sites\/7\/Logo02.png\",\"width\":161,\"height\":136,\"caption\":\"GlobalSprachTeam\"},\"image\":{\"@id\":\"https:\/\/sprachteam.com\/fr\/#\/schema\/logo\/image\/\"}}]}<\/script>\n<!-- \/ Yoast SEO plugin. -->","yoast_head_json":{"title":"Specialist Translations - GlobalSprachTeam","description":"Specialist Translations in many languages.","robots":{"index":"index","follow":"follow","max-snippet":"max-snippet:-1","max-image-preview":"max-image-preview:large","max-video-preview":"max-video-preview:-1"},"canonical":"https:\/\/sprachteam.com\/fr\/","og_locale":"fr_FR","og_type":"article","og_title":"Specialist Translations - GlobalSprachTeam","og_description":"Specialist Translations in many languages.","og_url":"https:\/\/sprachteam.com\/fr\/","og_site_name":"GlobalSprachTeam","article_modified_time":"2019-09-10T11:20:21+00:00","og_image":[{"width":1600,"height":2000,"url":"https:\/\/sprachteam.com\/fr\/wp-content\/uploads\/sites\/7\/Team02.jpg","type":"image\/jpeg"}],"twitter_card":"summary_large_image","schema":{"@context":"https:\/\/schema.org","@graph":[{"@type":"WebPage","@id":"https:\/\/sprachteam.com\/fr\/","url":"https:\/\/sprachteam.com\/fr\/","name":"Specialist Translations - GlobalSprachTeam","isPartOf":{"@id":"https:\/\/sprachteam.com\/fr\/#website"},"primaryImageOfPage":{"@id":"https:\/\/sprachteam.com\/fr\/#primaryimage"},"image":{"@id":"https:\/\/sprachteam.com\/fr\/#primaryimage"},"thumbnailUrl":"https:\/\/sprachteam.com\/fr\/wp-content\/uploads\/sites\/7\/Team02.jpg","datePublished":"2015-07-03T14:48:58+00:00","dateModified":"2019-09-10T11:20:21+00:00","description":"Specialist Translations in many languages.","breadcrumb":{"@id":"https:\/\/sprachteam.com\/fr\/#breadcrumb"},"inLanguage":"fr-FR","potentialAction":[{"@type":"ReadAction","target":["https:\/\/sprachteam.com\/fr\/"]}]},{"@type":"ImageObject","inLanguage":"fr-FR","@id":"https:\/\/sprachteam.com\/fr\/#primaryimage","url":"https:\/\/sprachteam.com\/fr\/wp-content\/uploads\/sites\/7\/Team02.jpg","contentUrl":"https:\/\/sprachteam.com\/fr\/wp-content\/uploads\/sites\/7\/Team02.jpg","width":1600,"height":2000},{"@type":"BreadcrumbList","@id":"https:\/\/sprachteam.com\/fr\/#breadcrumb","itemListElement":[{"@type":"ListItem","position":1,"name":"Home","item":"https:\/\/sprachteam.com\/fr\/"},{"@type":"ListItem","position":2,"name":"Home"}]},{"@type":"WebSite","@id":"https:\/\/sprachteam.com\/fr\/#website","url":"https:\/\/sprachteam.com\/fr\/","name":"GlobalSprachTeam","description":"","publisher":{"@id":"https:\/\/sprachteam.com\/fr\/#organization"},"potentialAction":[{"@type":"SearchAction","target":{"@type":"EntryPoint","urlTemplate":"https:\/\/sprachteam.com\/fr\/?s={search_term_string}"},"query-input":{"@type":"PropertyValueSpecification","valueRequired":true,"valueName":"search_term_string"}}],"inLanguage":"fr-FR"},{"@type":"Organization","@id":"https:\/\/sprachteam.com\/fr\/#organization","name":"GlobalSprachTeam","url":"https:\/\/sprachteam.com\/fr\/","logo":{"@type":"ImageObject","inLanguage":"fr-FR","@id":"https:\/\/sprachteam.com\/fr\/#\/schema\/logo\/image\/","url":"https:\/\/sprachteam.com\/fr\/wp-content\/uploads\/sites\/7\/Logo02.png","contentUrl":"https:\/\/sprachteam.com\/fr\/wp-content\/uploads\/sites\/7\/Logo02.png","width":161,"height":136,"caption":"GlobalSprachTeam"},"image":{"@id":"https:\/\/sprachteam.com\/fr\/#\/schema\/logo\/image\/"}}]}},"_links":{"self":[{"href":"https:\/\/sprachteam.com\/fr\/wp-json\/wp\/v2\/pages\/15","targetHints":{"allow":["GET"]}}],"collection":[{"href":"https:\/\/sprachteam.com\/fr\/wp-json\/wp\/v2\/pages"}],"about":[{"href":"https:\/\/sprachteam.com\/fr\/wp-json\/wp\/v2\/types\/page"}],"author":[{"embeddable":true,"href":"https:\/\/sprachteam.com\/fr\/wp-json\/wp\/v2\/users\/1"}],"replies":[{"embeddable":true,"href":"https:\/\/sprachteam.com\/fr\/wp-json\/wp\/v2\/comments?post=15"}],"version-history":[{"count":55,"href":"https:\/\/sprachteam.com\/fr\/wp-json\/wp\/v2\/pages\/15\/revisions"}],"predecessor-version":[{"id":394,"href":"https:\/\/sprachteam.com\/fr\/wp-json\/wp\/v2\/pages\/15\/revisions\/394"}],"wp:featuredmedia":[{"embeddable":true,"href":"https:\/\/sprachteam.com\/fr\/wp-json\/wp\/v2\/media\/172"}],"wp:attachment":[{"href":"https:\/\/sprachteam.com\/fr\/wp-json\/wp\/v2\/media?parent=15"}],"curies":[{"name":"wp","href":"https:\/\/api.w.org\/{rel}","templated":true}]}}