{"id":241,"date":"2015-08-06T09:18:45","date_gmt":"2015-08-06T07:18:45","guid":{"rendered":"http:\/\/wp1159170.server-he.de\/_gst4\/wordpress\/?page_id=241"},"modified":"2015-09-25T09:18:25","modified_gmt":"2015-09-25T07:18:25","slug":"references","status":"publish","type":"page","link":"https:\/\/sprachteam.com\/en\/references\/","title":{"rendered":"References"},"content":{"rendered":"<div id=\"accordion-1\" class=\"accordion no-js\">\n\t\t\t\t\t<h3 role=\"button\" id=\"accordion-1-t1\" class=\"accordion-title js-accordion-controller\" aria-controls=\"accordion-1-c1\" aria-expanded=\"false\" tabindex=\"0\">\n\t\t\t\tThank you for the trust you place in us and our work.\t\t\t<\/h3>\n\t\t\n\t\t<div id=\"accordion-1-c1\" class=\"accordion-content\" aria-hidden=\"true\">\n\t\t\t<strong>A<\/strong>DAC | <strong>B<\/strong>undesinstitut f\u00fcr Berufsbildung (BIBB) | <strong>C<\/strong>TA Chemie-und Tankanlagenbau GmbH &amp; Co. KG | <strong>D<\/strong>eutsches Institut f\u00fcr Zell- und Gewebeersatz gGmbH (DIZG) | <strong>E<\/strong>AW Relaistechnik GmbH | <strong>F<\/strong>orschungsinstitut Betriebliche Bildung (f-bb) gGmbH | <strong>G<\/strong>r\u00f6ditzer Kurbelwelle Wildau GmbH | <strong>H<\/strong>ochschule f\u00fcr Wirtschaft und Technik (HWTK) Berlin | <strong>i<\/strong>Move | <strong>K<\/strong>ultusministerkonferenz (KMK) | <strong>M<\/strong>esse Berlin GmbH |<strong>N<\/strong>ABU Naturbund Deutschland | <strong>P<\/strong>atentanwaltskanzleien in Berlin, Frankfurt, Bremen, Hamburg, N\u00fcrnberg, Mannheim, Schweiz | <strong>Q<\/strong>ueens Hotel | <strong>S<\/strong>chwihag AG | <strong>U<\/strong>mweltbundesamt (UBA) | <strong>V<\/strong>erbraucherzentrale Bundesverband (vzbv) | <strong>Z<\/strong>unkunftsAgentur Brandenburg (ZAB)\t\t<\/div>\n\n\t\t<\/p>\n<p>\n\t\t\t\t\t<h3 role=\"button\" id=\"accordion-1-t2\" class=\"accordion-title js-accordion-controller\" aria-controls=\"accordion-1-c2\" aria-expanded=\"false\" tabindex=\"0\">\n\t\t\t\tMany thanks for your kind comments!\t\t\t<\/h3>\n\t\t\n\t\t<div id=\"accordion-1-c2\" class=\"accordion-content\" aria-hidden=\"true\">\n\t\t\t<\/p>\n<p style=\"padding-left: 30px;\">\u2026 herzlichen Dank, dass Sie immer so schnell auf die W\u00fcnsche von mir und meinen Kolleginnen reagieren. Sie sind f\u00fcr uns ein stets verl\u00e4sslicher Partner! Ich wollte einmal ausgedr\u00fcckt haben, was viele hier denken. Und bitte richten Sie das auch Herrn K. und Herrn D. aus. Einfach gro\u00dfartige Arbeit!<br \/>\n<strong>Gisela B. M.A., Sprachendienst, Bundesinstitut f\u00fcr Berufsbildung (BIBB)<\/strong><br \/>\n<em> 16.09.2014<\/em><\/p>\n<p>Vielen Dank Frau Sa.,<br \/>\nWir bedanken uns f\u00fcr die reibungslose Zusammenarbeit.<br \/>\nMit besten Gr\u00fc\u00dfen,<br \/>\n<strong>Juliane F., IFA International Network, Messe Berlin<\/strong><br \/>\n<em> 17.09.2014<\/em><\/p>\n<p style=\"padding-left: 30px;\">Guten Tag Frau Sch.,<br \/>\nk\u00f6nnten Sie mir bei dem Vermerk \u2013 unb\u00fcrokratisch \u2013 helfen und sagen, was dort steht?<br \/>\nVielen DANK f\u00fcr Ihre Hilfe.<br \/>\n<strong>Manuela W., Verkehr &amp; Technik, ADAC Berlin-Brandenburg e.V.<\/strong><br \/>\n<em> 20.01.2015<\/em><\/p>\n<p>Sehr geehrte Frau G.,<br \/>\nsehr gerne d\u00fcrfen Sie die vorgeschlagene \u00c4nderung \u00fcbernehmen, h\u00f6rt sich viel besser an!<br \/>\nVielen Dank f\u00fcr die M\u00fche und beste Gr\u00fc\u00dfe<br \/>\n<strong>Daniela R., voestalpine BWG GmbH<\/strong><br \/>\n<em> 02.02.2015<\/em><\/p>\n<p style=\"padding-left: 30px;\">\u2026 zun\u00e4chst herzlichen Dank f\u00fcr die hilfreiche R\u00fccksprache mit der Kollegin am Freitag\u2026 Aufgrund der schnellen Bearbeitung der letzten Auftr\u00e4ge hatte ich hier keine Frist gesetzt \u2026<br \/>\n<strong>J\u00f6rg.B., Conti Temic microelectronic GmbH, Continental AG, Intellectual Property<\/strong><br \/>\n<em> 16.03.2015<\/em><\/p>\n<p>Nach Durchsicht aller Dateien sind alle Texte zu unserer vollsten Zufriedenheit ins Tschechische \u00fcbersetzt worden. Vielen Dank.<br \/>\n<strong>Christoph L., Projektleiter, CTA Chemie- und Tankanlagenbau GmbH &amp; Co. KG<\/strong><br \/>\n<em> 28.05.2015<\/em><\/p>\n<p style=\"padding-left: 30px;\">In diesem Jahr betreue ich wieder den Internationalen &#8230; Kongress und werde gerne wieder auf Sie zukommen. Wir werden folgende Sprachen anbieten: DE, EN, FR, RU, eventuell Japanisch.<br \/>\n<strong>Maja L., Projektotganisation, Messe Berlin<\/strong><br \/>\n<em> 09.07.2015<\/em><\/p>\n<p>Sehr geehrte Frau Sc.,<br \/>\nherzlichen Dank f\u00fcr Ihre Aufmerksamkeit! Nun scheinen wir tats\u00e4chlich alle Dateien erhalten zu haben.<br \/>\n<strong>Daniela B. E., Brandenburg Business Guide, ZAB ZukunftsAgentur Brandenburg GmbH<\/strong><br \/>\n<em>23.07.2015<\/em><\/p>\n<p style=\"padding-left: 30px;\">Vielen Dank f\u00fcr die schnelle Bearbeitung!<br \/>\n<strong>Dieter F., Speicherstadtpotsdam<\/strong><br \/>\n<em> 30.08.2015<\/em><\/p>\n<p><em>\t\t<\/div>\n\n\t\t<\/em><\/p>\n<p><\/div>\n","protected":false},"excerpt":{"rendered":"","protected":false},"author":1,"featured_media":44,"parent":0,"menu_order":0,"comment_status":"closed","ping_status":"open","template":"","meta":{"generate_page_header":"","footnotes":""},"class_list":["post-241","page","type-page","status-publish","has-post-thumbnail"],"yoast_head":"<!-- This site is optimized with the Yoast SEO plugin v27.1.1 - https:\/\/yoast.com\/product\/yoast-seo-wordpress\/ -->\n<title>References - GlobalSprachTeam<\/title>\n<meta name=\"robots\" content=\"index, follow, max-snippet:-1, max-image-preview:large, max-video-preview:-1\" \/>\n<link rel=\"canonical\" href=\"https:\/\/sprachteam.com\/en\/references\/\" \/>\n<meta property=\"og:locale\" content=\"en_GB\" \/>\n<meta property=\"og:type\" content=\"article\" \/>\n<meta property=\"og:title\" content=\"References - GlobalSprachTeam\" \/>\n<meta property=\"og:url\" content=\"https:\/\/sprachteam.com\/en\/references\/\" \/>\n<meta property=\"og:site_name\" content=\"GlobalSprachTeam\" \/>\n<meta property=\"article:modified_time\" content=\"2015-09-25T07:18:25+00:00\" \/>\n<meta property=\"og:image\" content=\"https:\/\/sprachteam.com\/en\/wp-content\/uploads\/sites\/5\/chess.jpg\" \/>\n\t<meta property=\"og:image:width\" content=\"1600\" \/>\n\t<meta property=\"og:image:height\" content=\"1048\" \/>\n\t<meta property=\"og:image:type\" content=\"image\/jpeg\" \/>\n<meta name=\"twitter:card\" content=\"summary_large_image\" \/>\n<meta name=\"twitter:label1\" content=\"Estimated reading time\" \/>\n\t<meta name=\"twitter:data1\" content=\"2 minutes\" \/>\n<script type=\"application\/ld+json\" class=\"yoast-schema-graph\">{\"@context\":\"https:\/\/schema.org\",\"@graph\":[{\"@type\":\"WebPage\",\"@id\":\"https:\/\/sprachteam.com\/en\/references\/\",\"url\":\"https:\/\/sprachteam.com\/en\/references\/\",\"name\":\"References - GlobalSprachTeam\",\"isPartOf\":{\"@id\":\"https:\/\/sprachteam.com\/en\/#website\"},\"primaryImageOfPage\":{\"@id\":\"https:\/\/sprachteam.com\/en\/references\/#primaryimage\"},\"image\":{\"@id\":\"https:\/\/sprachteam.com\/en\/references\/#primaryimage\"},\"thumbnailUrl\":\"https:\/\/sprachteam.com\/en\/wp-content\/uploads\/sites\/5\/chess.jpg\",\"datePublished\":\"2015-08-06T07:18:45+00:00\",\"dateModified\":\"2015-09-25T07:18:25+00:00\",\"breadcrumb\":{\"@id\":\"https:\/\/sprachteam.com\/en\/references\/#breadcrumb\"},\"inLanguage\":\"en-GB\",\"potentialAction\":[{\"@type\":\"ReadAction\",\"target\":[\"https:\/\/sprachteam.com\/en\/references\/\"]}]},{\"@type\":\"ImageObject\",\"inLanguage\":\"en-GB\",\"@id\":\"https:\/\/sprachteam.com\/en\/references\/#primaryimage\",\"url\":\"https:\/\/sprachteam.com\/en\/wp-content\/uploads\/sites\/5\/chess.jpg\",\"contentUrl\":\"https:\/\/sprachteam.com\/en\/wp-content\/uploads\/sites\/5\/chess.jpg\",\"width\":1600,\"height\":1048},{\"@type\":\"BreadcrumbList\",\"@id\":\"https:\/\/sprachteam.com\/en\/references\/#breadcrumb\",\"itemListElement\":[{\"@type\":\"ListItem\",\"position\":1,\"name\":\"Home\",\"item\":\"https:\/\/sprachteam.com\/en\/\"},{\"@type\":\"ListItem\",\"position\":2,\"name\":\"References\"}]},{\"@type\":\"WebSite\",\"@id\":\"https:\/\/sprachteam.com\/en\/#website\",\"url\":\"https:\/\/sprachteam.com\/en\/\",\"name\":\"GlobalSprachTeam\",\"description\":\"\",\"publisher\":{\"@id\":\"https:\/\/sprachteam.com\/en\/#organization\"},\"potentialAction\":[{\"@type\":\"SearchAction\",\"target\":{\"@type\":\"EntryPoint\",\"urlTemplate\":\"https:\/\/sprachteam.com\/en\/?s={search_term_string}\"},\"query-input\":{\"@type\":\"PropertyValueSpecification\",\"valueRequired\":true,\"valueName\":\"search_term_string\"}}],\"inLanguage\":\"en-GB\"},{\"@type\":\"Organization\",\"@id\":\"https:\/\/sprachteam.com\/en\/#organization\",\"name\":\"GlobalSprachTeam\",\"url\":\"https:\/\/sprachteam.com\/en\/\",\"logo\":{\"@type\":\"ImageObject\",\"inLanguage\":\"en-GB\",\"@id\":\"https:\/\/sprachteam.com\/en\/#\/schema\/logo\/image\/\",\"url\":\"https:\/\/sprachteam.com\/en\/wp-content\/uploads\/sites\/5\/Logo02.png\",\"contentUrl\":\"https:\/\/sprachteam.com\/en\/wp-content\/uploads\/sites\/5\/Logo02.png\",\"width\":161,\"height\":136,\"caption\":\"GlobalSprachTeam\"},\"image\":{\"@id\":\"https:\/\/sprachteam.com\/en\/#\/schema\/logo\/image\/\"}}]}<\/script>\n<!-- \/ Yoast SEO plugin. -->","yoast_head_json":{"title":"References - GlobalSprachTeam","robots":{"index":"index","follow":"follow","max-snippet":"max-snippet:-1","max-image-preview":"max-image-preview:large","max-video-preview":"max-video-preview:-1"},"canonical":"https:\/\/sprachteam.com\/en\/references\/","og_locale":"en_GB","og_type":"article","og_title":"References - GlobalSprachTeam","og_url":"https:\/\/sprachteam.com\/en\/references\/","og_site_name":"GlobalSprachTeam","article_modified_time":"2015-09-25T07:18:25+00:00","og_image":[{"width":1600,"height":1048,"url":"https:\/\/sprachteam.com\/en\/wp-content\/uploads\/sites\/5\/chess.jpg","type":"image\/jpeg"}],"twitter_card":"summary_large_image","twitter_misc":{"Estimated reading time":"2 minutes"},"schema":{"@context":"https:\/\/schema.org","@graph":[{"@type":"WebPage","@id":"https:\/\/sprachteam.com\/en\/references\/","url":"https:\/\/sprachteam.com\/en\/references\/","name":"References - GlobalSprachTeam","isPartOf":{"@id":"https:\/\/sprachteam.com\/en\/#website"},"primaryImageOfPage":{"@id":"https:\/\/sprachteam.com\/en\/references\/#primaryimage"},"image":{"@id":"https:\/\/sprachteam.com\/en\/references\/#primaryimage"},"thumbnailUrl":"https:\/\/sprachteam.com\/en\/wp-content\/uploads\/sites\/5\/chess.jpg","datePublished":"2015-08-06T07:18:45+00:00","dateModified":"2015-09-25T07:18:25+00:00","breadcrumb":{"@id":"https:\/\/sprachteam.com\/en\/references\/#breadcrumb"},"inLanguage":"en-GB","potentialAction":[{"@type":"ReadAction","target":["https:\/\/sprachteam.com\/en\/references\/"]}]},{"@type":"ImageObject","inLanguage":"en-GB","@id":"https:\/\/sprachteam.com\/en\/references\/#primaryimage","url":"https:\/\/sprachteam.com\/en\/wp-content\/uploads\/sites\/5\/chess.jpg","contentUrl":"https:\/\/sprachteam.com\/en\/wp-content\/uploads\/sites\/5\/chess.jpg","width":1600,"height":1048},{"@type":"BreadcrumbList","@id":"https:\/\/sprachteam.com\/en\/references\/#breadcrumb","itemListElement":[{"@type":"ListItem","position":1,"name":"Home","item":"https:\/\/sprachteam.com\/en\/"},{"@type":"ListItem","position":2,"name":"References"}]},{"@type":"WebSite","@id":"https:\/\/sprachteam.com\/en\/#website","url":"https:\/\/sprachteam.com\/en\/","name":"GlobalSprachTeam","description":"","publisher":{"@id":"https:\/\/sprachteam.com\/en\/#organization"},"potentialAction":[{"@type":"SearchAction","target":{"@type":"EntryPoint","urlTemplate":"https:\/\/sprachteam.com\/en\/?s={search_term_string}"},"query-input":{"@type":"PropertyValueSpecification","valueRequired":true,"valueName":"search_term_string"}}],"inLanguage":"en-GB"},{"@type":"Organization","@id":"https:\/\/sprachteam.com\/en\/#organization","name":"GlobalSprachTeam","url":"https:\/\/sprachteam.com\/en\/","logo":{"@type":"ImageObject","inLanguage":"en-GB","@id":"https:\/\/sprachteam.com\/en\/#\/schema\/logo\/image\/","url":"https:\/\/sprachteam.com\/en\/wp-content\/uploads\/sites\/5\/Logo02.png","contentUrl":"https:\/\/sprachteam.com\/en\/wp-content\/uploads\/sites\/5\/Logo02.png","width":161,"height":136,"caption":"GlobalSprachTeam"},"image":{"@id":"https:\/\/sprachteam.com\/en\/#\/schema\/logo\/image\/"}}]}},"_links":{"self":[{"href":"https:\/\/sprachteam.com\/en\/wp-json\/wp\/v2\/pages\/241","targetHints":{"allow":["GET"]}}],"collection":[{"href":"https:\/\/sprachteam.com\/en\/wp-json\/wp\/v2\/pages"}],"about":[{"href":"https:\/\/sprachteam.com\/en\/wp-json\/wp\/v2\/types\/page"}],"author":[{"embeddable":true,"href":"https:\/\/sprachteam.com\/en\/wp-json\/wp\/v2\/users\/1"}],"replies":[{"embeddable":true,"href":"https:\/\/sprachteam.com\/en\/wp-json\/wp\/v2\/comments?post=241"}],"version-history":[{"count":17,"href":"https:\/\/sprachteam.com\/en\/wp-json\/wp\/v2\/pages\/241\/revisions"}],"predecessor-version":[{"id":333,"href":"https:\/\/sprachteam.com\/en\/wp-json\/wp\/v2\/pages\/241\/revisions\/333"}],"wp:featuredmedia":[{"embeddable":true,"href":"https:\/\/sprachteam.com\/en\/wp-json\/wp\/v2\/media\/44"}],"wp:attachment":[{"href":"https:\/\/sprachteam.com\/en\/wp-json\/wp\/v2\/media?parent=241"}],"curies":[{"name":"wp","href":"https:\/\/api.w.org\/{rel}","templated":true}]}}